{"id":98,"date":"2015-06-24T15:41:29","date_gmt":"2015-06-24T13:41:29","guid":{"rendered":"http:\/\/www.joergbayerlein.de\/?page_id=98"},"modified":"2015-06-25T07:41:52","modified_gmt":"2015-06-25T05:41:52","slug":"projekte","status":"publish","type":"page","link":"https:\/\/www.joergbayerlein.de\/?page_id=98","title":{"rendered":"Projekte"},"content":{"rendered":"<p>Als Ingenieur mit Elektrotechnik- Studium besch\u00e4ftige ich mich seit ca. 40 Jahren mit Programmierung von Mikroprozessoren und PCs. Es macht einfach Spa\u00df! Ein paar meiner Projekte k\u00f6nnten nun auch die \u00d6ffentlichkeit \/ Andere interessieren und ich m\u00f6chte hier Informationen einiger Programmierprojekte weitergeben. Das Sudoku- Projekt ist ein Ergebnis meiner Fazination zu diesem unglaublich vielseitigen und herausforderndem japanischen Zahlenr\u00e4tsel.\u00a0 Dabei ist ein Programm entstanden, das den einen oder anderen interessieren k\u00f6nnte, der selbst Sudokus entwerfen m\u00f6chte. Das Programm ist allerdings noch mit einem veralteten Compiler (Borland CBuilder) entworfen und kann nicht mehr weiterentwickelt werden. Dann ist vor einiger Zeit ein Student mit einer Bachelorarbeit dabei gewesen und hat das Programm in C# umgeschrieben. Nur es ist von mir (noch) nicht weiterentwickelt worden &#8211; schlicht aus Zeitmangel. Aber wer C# kann und dies weiter programmieren m\u00f6chte, mag es als Ausgangspunkt nehmen, der Source ist frei verf\u00fcgbar. <a href=\"https:\/\/www.joergbayerlein.de\/?page_id=103\">Hier gehts zur Seite.<\/a><\/p>\n<p>Die weiteren Projekte sind im Rahmen meiner Vorlesungen entstanden und k\u00f6nnten vielleicht bei manchen von Interesse sein. Dabei sind es Projekte f\u00fcr meine Regelungstechnik- Vorlesungen, Toolprogramme in C#, die Verst\u00e4ndnis und Arbeit mit der Regelungstechnik f\u00f6rdern sollen. Da die FH- Seiten der FH L\u00fcbeck seit einiger Zeit neu konzipiert wurden, gibt es dort nur die M\u00f6glichkeit, diese Information im Intranet zu ver\u00f6ffentlichen. Da aber die Studierenden irgendwann dann keinen Zugriff mehr auf diese Seiten haben werden, stelle ich die Informationen hier \u00f6ffentlich zur Verf\u00fcgung. Damit auch die US- Studierenden und die aus China etwas damit anfangen k\u00f6nnen, sind diese Seiten auf englisch geschrieben. Und <a href=\"https:\/\/www.joergbayerlein.de\/?page_id=114\">hier gehts zu den C#Seiten<\/a>.<\/p>\n","protected":false},"excerpt":{"rendered":"<p>Als Ingenieur mit Elektrotechnik- Studium besch\u00e4ftige ich mich seit ca. 40 Jahren mit Programmierung von Mikroprozessoren und PCs. Es macht einfach Spa\u00df! Ein paar meiner Projekte k\u00f6nnten nun auch die \u00d6ffentlichkeit \/ Andere interessieren und ich m\u00f6chte hier Informationen einiger Programmierprojekte weitergeben. Das Sudoku- Projekt ist ein Ergebnis meiner Fazination zu diesem unglaublich vielseitigen und [&hellip;]<\/p>\n","protected":false},"author":2,"featured_media":0,"parent":0,"menu_order":3,"comment_status":"open","ping_status":"closed","template":"","meta":{"footnotes":""},"class_list":["post-98","page","type-page","status-publish","hentry"],"_links":{"self":[{"href":"https:\/\/www.joergbayerlein.de\/index.php?rest_route=\/wp\/v2\/pages\/98","targetHints":{"allow":["GET"]}}],"collection":[{"href":"https:\/\/www.joergbayerlein.de\/index.php?rest_route=\/wp\/v2\/pages"}],"about":[{"href":"https:\/\/www.joergbayerlein.de\/index.php?rest_route=\/wp\/v2\/types\/page"}],"author":[{"embeddable":true,"href":"https:\/\/www.joergbayerlein.de\/index.php?rest_route=\/wp\/v2\/users\/2"}],"replies":[{"embeddable":true,"href":"https:\/\/www.joergbayerlein.de\/index.php?rest_route=%2Fwp%2Fv2%2Fcomments&post=98"}],"version-history":[{"count":6,"href":"https:\/\/www.joergbayerlein.de\/index.php?rest_route=\/wp\/v2\/pages\/98\/revisions"}],"predecessor-version":[{"id":192,"href":"https:\/\/www.joergbayerlein.de\/index.php?rest_route=\/wp\/v2\/pages\/98\/revisions\/192"}],"wp:attachment":[{"href":"https:\/\/www.joergbayerlein.de\/index.php?rest_route=%2Fwp%2Fv2%2Fmedia&parent=98"}],"curies":[{"name":"wp","href":"https:\/\/api.w.org\/{rel}","templated":true}]}}