{"id":976,"date":"2022-12-15T08:39:17","date_gmt":"2022-12-15T07:39:17","guid":{"rendered":"http:\/\/www.joergbayerlein.de\/?page_id=976"},"modified":"2023-01-02T16:51:34","modified_gmt":"2023-01-02T15:51:34","slug":"meine-pv-anlage","status":"publish","type":"page","link":"https:\/\/www.joergbayerlein.de\/?page_id=976","title":{"rendered":"Meine PV- Anlage"},"content":{"rendered":"\n<p>Hier m\u00f6chte ich Informationen zu meiner in Eigenregie erstellten PV- Anlage weitergeben. So bekommt vielleicht der eine oder andere Mut, sich auch an ein solches Projekt zu wagen und die zur Zeit horrenden Gewinnmargen der PV- Branche zu umgehen. <\/p>\n\n\n\n<figure class=\"wp-block-image size-large\"><a href=\"https:\/\/www.joergbayerlein.de\/wp-content\/uploads\/2022\/12\/DSC_0452-2-scaled.jpg\"><img loading=\"lazy\" decoding=\"async\" width=\"1024\" height=\"576\" src=\"https:\/\/www.joergbayerlein.de\/wp-content\/uploads\/2022\/12\/DSC_0452-2-1024x576.jpg\" alt=\"\" class=\"wp-image-977\" srcset=\"https:\/\/www.joergbayerlein.de\/wp-content\/uploads\/2022\/12\/DSC_0452-2-1024x576.jpg 1024w, https:\/\/www.joergbayerlein.de\/wp-content\/uploads\/2022\/12\/DSC_0452-2-300x169.jpg 300w, https:\/\/www.joergbayerlein.de\/wp-content\/uploads\/2022\/12\/DSC_0452-2-768x432.jpg 768w, https:\/\/www.joergbayerlein.de\/wp-content\/uploads\/2022\/12\/DSC_0452-2-1536x864.jpg 1536w, https:\/\/www.joergbayerlein.de\/wp-content\/uploads\/2022\/12\/DSC_0452-2-2048x1152.jpg 2048w\" sizes=\"auto, (max-width: 1024px) 100vw, 1024px\" \/><\/a><figcaption>23 Module auf S\u00fcdwestseite mit 45\u00b0 Dachneigung<\/figcaption><\/figure>\n\n\n\n<p>Technische Daten:<\/p>\n\n\n\n<p>23 Module Trina Vertex 405 Wp mit insgesamt 9,3 kWp<br>Schletter Unterkonstruktion Single Rail<br>Elektrik: <br>Blitzschutz Phoenix PV-Schaltger\u00e4tekombination IP65 1000VDC 40A SOL-SC-1ST-0-DC-2MPPT-2001<br>Wechselrichter SMA PV-Hybrid Wechselr. STP8.0-3SE-40 mit SMA Sunny Home Manager 2.0<br>Batterie: BYD Premium HVS 7.7<\/p>\n\n\n\n<p>Diese Kombination mitsamt der Planung wurde mir von der Gro\u00dfhandelsfirma Hiplo in L\u00fcbeck zur Verf\u00fcgung gestellt. Mehr als 23 Module gehen nicht auf das Dach. Die Schletter Unterkonstruktion ist extrem einfach zu montieren. Es werden Dachhaken in 6 Reihen auf die Sparren verschraubt. Meine Frankfurter Betonpfanne ist sehr stabil. Ich musste f\u00fcr 64 Dachhaken die Pfannen an der Position des Dachakens mit gro\u00dfer 230- Flex abflexen, so dass diese nicht auf dem Haken liegt. Dabei ist keine einzige bei der Montage verloren gegangen. F\u00fcr die Montage habe ich zwei Bekannte gewinnen k\u00f6nnen, die gro\u00dfe Erfahrung mit Dacharbeiten aber bislang noch nicht mit PV- Modulen hatten. Die Arbeit wurde perfekt erledigt. <\/p>\n\n\n\n<p>F\u00fcr das Monitoring habe ich mir eine eigene Speziall\u00f6sung ausgedacht. Die Module sind in zwei Strings angeordnet, da der Wechselrichter eben nur zwei MPP- Eing\u00e4nge hat. Die sind aber f\u00fcr die 9.3 kWp v\u00f6llig ausreichend. So ist die mittlere Reihe aufgeteilt auf die beiden String oben und unten. Um einen Defekt eines Modules bei Reihenschaltung festzustellen, kommt man normalerweise nicht an einzelne Anschl\u00fcsse heran. Das wollte ich aber realisieren. So habe ich jede Verbindungsstelle \u00fcber ein T- St\u00fcck an eine Reihenklemme herausgef\u00fchrt, die in einer Box auf meinem Balkon erreichbar ist. So kann ich jederzeit alle Spannungen jedes einzelnen Moduls messen und ggf. ein defektes Modul kurzschlie\u00dfen. Und zus\u00e4tzlich habe ich mir noch einen Strom- und Spannungsmesser f\u00fcr jeden einzelnen der zwei Strings geg\u00f6nnt, so dass ich sofort mit einem Blick die Leistungslage der Module beobachten kann. <\/p>\n\n\n\n<p>Der Wechselrichter ist die geniale Kombi. Er enth\u00e4lt 2 MPP- Tracker f\u00fcr die beiden Strings, hat einen Batterieanschlus f\u00fcr den BYD- Akku und kann eine Notstromversorgung als Inselnetz realisieren, also alles, was man so braucht. Mit dem Sunny Home Manager ist eine optimale Einspeisung und Selbstverbrauch programmierbar. Gesch\u00fctzt wird er durch einen \u00dcberspannungsableiter von Phoenix.  <\/p>\n\n\n\n<p><a href=\"https:\/\/www.joergbayerlein.de\/?page_id=986\">Seite mit mehr Details<\/a>      <br><\/p>\n","protected":false},"excerpt":{"rendered":"<p>Hier m\u00f6chte ich Informationen zu meiner in Eigenregie erstellten PV- Anlage weitergeben. So bekommt vielleicht der eine oder andere Mut, sich auch an ein solches Projekt zu wagen und die zur Zeit horrenden Gewinnmargen der PV- Branche zu umgehen. Technische Daten: 23 Module Trina Vertex 405 Wp mit insgesamt 9,3 kWpSchletter Unterkonstruktion Single RailElektrik: Blitzschutz [&hellip;]<\/p>\n","protected":false},"author":2,"featured_media":0,"parent":98,"menu_order":0,"comment_status":"closed","ping_status":"closed","template":"","meta":{"footnotes":""},"class_list":["post-976","page","type-page","status-publish","hentry"],"_links":{"self":[{"href":"https:\/\/www.joergbayerlein.de\/index.php?rest_route=\/wp\/v2\/pages\/976","targetHints":{"allow":["GET"]}}],"collection":[{"href":"https:\/\/www.joergbayerlein.de\/index.php?rest_route=\/wp\/v2\/pages"}],"about":[{"href":"https:\/\/www.joergbayerlein.de\/index.php?rest_route=\/wp\/v2\/types\/page"}],"author":[{"embeddable":true,"href":"https:\/\/www.joergbayerlein.de\/index.php?rest_route=\/wp\/v2\/users\/2"}],"replies":[{"embeddable":true,"href":"https:\/\/www.joergbayerlein.de\/index.php?rest_route=%2Fwp%2Fv2%2Fcomments&post=976"}],"version-history":[{"count":6,"href":"https:\/\/www.joergbayerlein.de\/index.php?rest_route=\/wp\/v2\/pages\/976\/revisions"}],"predecessor-version":[{"id":995,"href":"https:\/\/www.joergbayerlein.de\/index.php?rest_route=\/wp\/v2\/pages\/976\/revisions\/995"}],"up":[{"embeddable":true,"href":"https:\/\/www.joergbayerlein.de\/index.php?rest_route=\/wp\/v2\/pages\/98"}],"wp:attachment":[{"href":"https:\/\/www.joergbayerlein.de\/index.php?rest_route=%2Fwp%2Fv2%2Fmedia&parent=976"}],"curies":[{"name":"wp","href":"https:\/\/api.w.org\/{rel}","templated":true}]}}