{"id":939,"date":"2022-01-25T13:48:37","date_gmt":"2022-01-25T12:48:37","guid":{"rendered":"http:\/\/www.joergbayerlein.de\/?page_id=939"},"modified":"2022-09-15T08:32:19","modified_gmt":"2022-09-15T06:32:19","slug":"grosser-messgeraeteverkauf","status":"publish","type":"page","link":"https:\/\/www.joergbayerlein.de\/?page_id=939","title":{"rendered":"Gro\u00dfer Messger\u00e4teverkauf"},"content":{"rendered":"\n<p>Ich bin beauftragt worden, im Rahmen meiner Sachverst\u00e4ndigent\u00e4tigkeit den technischen Nachlass eines IHK- Sachverst\u00e4ndigenkollegen zu ver\u00e4u\u00dfern. Es findet nach und nach in den n\u00e4chsten Wochen die Aufarbeitung und Sichtung der Messger\u00e4tesammlung statt, die er f\u00fcr seine Sachverst\u00e4ndigent\u00e4tigkeit genutzt hat. Ich werde die Ger\u00e4te sichten und sie dann im Namen der neuen Besitzerin meist bei ebay Kleinanzeigen zum Verkauf anbieten. Die Ger\u00e4te sind nat\u00fcrlich alle gebraucht, aber in einem sehr guten gepflegten Zustand und meistens in einem schaumstoffgepolsterten Metallkoffer verf\u00fcgbar. Ideal zum Mitnehmen zu Ortsterminen. Hier wird nach und nach eine Linkliste zu den Ger\u00e4ten entstehen, so dass jeder Interessent einen \u00dcberblick \u00fcber die Sammlung bekommt. <\/p>\n\n\n\n<p>Datei mit der noch verf\u00fcgbaren Sammlung (Stand 15.9.2022): <a href=\"https:\/\/www.joergbayerlein.de\/wp-content\/uploads\/2022\/09\/Fundus-ab-15.9.2022.pdf\">LINK AUF PDF<\/a><\/p>\n\n\n\n<p><strong>Einige Beispiele:<\/strong><\/p>\n\n\n\n<p><strong>Messger\u00e4te f\u00fcr Formaldehyd und CO2<\/strong><\/p>\n\n\n\n<p><img loading=\"lazy\" decoding=\"async\" width=\"150\" height=\"88\" class=\"wp-image-945\" style=\"width: 150px;\" src=\"https:\/\/www.joergbayerlein.de\/wp-content\/uploads\/2022\/01\/DSC_0645-scaled.jpg\" alt=\"\" srcset=\"https:\/\/www.joergbayerlein.de\/wp-content\/uploads\/2022\/01\/DSC_0645-scaled.jpg 2560w, https:\/\/www.joergbayerlein.de\/wp-content\/uploads\/2022\/01\/DSC_0645-300x177.jpg 300w, https:\/\/www.joergbayerlein.de\/wp-content\/uploads\/2022\/01\/DSC_0645-1024x604.jpg 1024w, https:\/\/www.joergbayerlein.de\/wp-content\/uploads\/2022\/01\/DSC_0645-768x453.jpg 768w, https:\/\/www.joergbayerlein.de\/wp-content\/uploads\/2022\/01\/DSC_0645-1536x906.jpg 1536w, https:\/\/www.joergbayerlein.de\/wp-content\/uploads\/2022\/01\/DSC_0645-2048x1208.jpg 2048w\" sizes=\"auto, (max-width: 150px) 100vw, 150px\" \/> Zwei Handheldger\u00e4te in einem Koffer: HAL HFX205 und HAL HCO201 <a href=\"https:\/\/www.ebay-kleinanzeigen.de\/s-anzeige\/messgeraet-fuer-co2-und-formaldeyd\/2001298577-168-434\">Link<\/a><\/p>\n\n\n\n<p><strong>2 St\u00fcck Testo 435 Raumklimamessger\u00e4te<\/strong><\/p>\n\n\n\n<p><img loading=\"lazy\" decoding=\"async\" width=\"150\" height=\"84\" class=\"wp-image-956\" style=\"width: 150px;\" src=\"https:\/\/www.joergbayerlein.de\/wp-content\/uploads\/2022\/01\/DSC_0691-scaled.jpg\" alt=\"\" srcset=\"https:\/\/www.joergbayerlein.de\/wp-content\/uploads\/2022\/01\/DSC_0691-scaled.jpg 2560w, https:\/\/www.joergbayerlein.de\/wp-content\/uploads\/2022\/01\/DSC_0691-300x169.jpg 300w, https:\/\/www.joergbayerlein.de\/wp-content\/uploads\/2022\/01\/DSC_0691-1024x576.jpg 1024w, https:\/\/www.joergbayerlein.de\/wp-content\/uploads\/2022\/01\/DSC_0691-768x432.jpg 768w, https:\/\/www.joergbayerlein.de\/wp-content\/uploads\/2022\/01\/DSC_0691-1536x864.jpg 1536w, https:\/\/www.joergbayerlein.de\/wp-content\/uploads\/2022\/01\/DSC_0691-2048x1152.jpg 2048w\" sizes=\"auto, (max-width: 150px) 100vw, 150px\" \/> Handheld- Messung f\u00fcr Temp, Feuchte, Co2, Umgebungsdruck und Sensor f\u00fcr CO. <a href=\"https:\/\/www.ebay-kleinanzeigen.de\/s-anzeige\/2-stueck-testo-435\/2003139728-168-434\">Link<\/a>.<\/p>\n\n\n\n<p><strong>Massenflussregler Analyt Mtc Serie 358 zusammen mit Hochfluss-Proportionalventil.<\/strong><\/p>\n\n\n\n<p><img loading=\"lazy\" decoding=\"async\" width=\"150\" height=\"98\" class=\"wp-image-957\" style=\"width: 150px;\" src=\"https:\/\/www.joergbayerlein.de\/wp-content\/uploads\/2022\/01\/DSC_0721-scaled.jpg\" alt=\"\" srcset=\"https:\/\/www.joergbayerlein.de\/wp-content\/uploads\/2022\/01\/DSC_0721-scaled.jpg 2560w, https:\/\/www.joergbayerlein.de\/wp-content\/uploads\/2022\/01\/DSC_0721-300x196.jpg 300w, https:\/\/www.joergbayerlein.de\/wp-content\/uploads\/2022\/01\/DSC_0721-1024x670.jpg 1024w, https:\/\/www.joergbayerlein.de\/wp-content\/uploads\/2022\/01\/DSC_0721-768x502.jpg 768w, https:\/\/www.joergbayerlein.de\/wp-content\/uploads\/2022\/01\/DSC_0721-1536x1004.jpg 1536w, https:\/\/www.joergbayerlein.de\/wp-content\/uploads\/2022\/01\/DSC_0721-2048x1339.jpg 2048w\" sizes=\"auto, (max-width: 150px) 100vw, 150px\" \/> <a href=\"https:\/\/www.ebay-kleinanzeigen.de\/s-anzeige\/massenflussregler-358\/2003195907-168-434\">Link<\/a>.<\/p>\n\n\n\n<p><strong>6 St\u00fcck CO2- Messger\u00e4te<\/strong><\/p>\n\n\n\n<p><img loading=\"lazy\" decoding=\"async\" width=\"150\" height=\"57\" class=\"wp-image-959\" style=\"width: 150px;\" src=\"https:\/\/www.joergbayerlein.de\/wp-content\/uploads\/2022\/01\/DSC_0738-scaled.jpg\" alt=\"\" srcset=\"https:\/\/www.joergbayerlein.de\/wp-content\/uploads\/2022\/01\/DSC_0738-scaled.jpg 2560w, https:\/\/www.joergbayerlein.de\/wp-content\/uploads\/2022\/01\/DSC_0738-300x114.jpg 300w, https:\/\/www.joergbayerlein.de\/wp-content\/uploads\/2022\/01\/DSC_0738-1024x389.jpg 1024w, https:\/\/www.joergbayerlein.de\/wp-content\/uploads\/2022\/01\/DSC_0738-768x291.jpg 768w, https:\/\/www.joergbayerlein.de\/wp-content\/uploads\/2022\/01\/DSC_0738-1536x583.jpg 1536w, https:\/\/www.joergbayerlein.de\/wp-content\/uploads\/2022\/01\/DSC_0738-2048x777.jpg 2048w\" sizes=\"auto, (max-width: 150px) 100vw, 150px\" \/> 6 St\u00fcck Trotec BZ30 CO2- Monitore mit Datalogger- Funktion. <a href=\"https:\/\/www.ebay-kleinanzeigen.de\/s-anzeige\/6-stueck-co2-messgeraete\/2003299880-168-434\">Link<\/a>.<\/p>\n\n\n\n<p><strong>4 St\u00fcck CO2- Messger\u00e4te<\/strong><\/p>\n\n\n\n<p><img loading=\"lazy\" decoding=\"async\" width=\"150\" height=\"105\" class=\"wp-image-958\" style=\"width: 150px;\" src=\"https:\/\/www.joergbayerlein.de\/wp-content\/uploads\/2022\/01\/DSC_0725-scaled.jpg\" alt=\"\" srcset=\"https:\/\/www.joergbayerlein.de\/wp-content\/uploads\/2022\/01\/DSC_0725-scaled.jpg 2560w, https:\/\/www.joergbayerlein.de\/wp-content\/uploads\/2022\/01\/DSC_0725-300x209.jpg 300w, https:\/\/www.joergbayerlein.de\/wp-content\/uploads\/2022\/01\/DSC_0725-1024x714.jpg 1024w, https:\/\/www.joergbayerlein.de\/wp-content\/uploads\/2022\/01\/DSC_0725-768x536.jpg 768w, https:\/\/www.joergbayerlein.de\/wp-content\/uploads\/2022\/01\/DSC_0725-1536x1071.jpg 1536w, https:\/\/www.joergbayerlein.de\/wp-content\/uploads\/2022\/01\/DSC_0725-2048x1428.jpg 2048w\" sizes=\"auto, (max-width: 150px) 100vw, 150px\" \/> 4 St\u00fcck CO2- Messger\u00e4te TES1370 NDIR im Koffer. <a href=\"https:\/\/www.ebay-kleinanzeigen.de\/s-anzeige\/4-stueck-co2-messgeraete\/2003270282-168-434\">Link<\/a>.<\/p>\n\n\n\n<p>Koffer mit Klimamessger\u00e4ten <a href=\"https:\/\/www.ebay-kleinanzeigen.de\/s-anzeige\/koffer-mit-klimamessgeraeten-luftdruck-wind-temp-feuchte\/2017410698-168-434\">Luftdruck, Wind, Temp, Feuchte<\/a> <\/p>\n\n\n\n<p><a href=\"https:\/\/www.ebay-kleinanzeigen.de\/s-anzeige\/mycometer-cpr477-zur-bestimmung-der-keimbelastung\/2017237448-75-434\">Mycometer CPR477 zur Bestimmung der Keimbelastung<\/a><\/p>\n\n\n\n<p><a href=\"https:\/\/www.ebay-kleinanzeigen.de\/s-anzeige\/baustrahler-1500w-im-koffer\/2009480588-84-434\">Baustrahler 1500W im Koffer<\/a><\/p>\n\n\n\n<p> <\/p>\n","protected":false},"excerpt":{"rendered":"<p>Ich bin beauftragt worden, im Rahmen meiner Sachverst\u00e4ndigent\u00e4tigkeit den technischen Nachlass eines IHK- Sachverst\u00e4ndigenkollegen zu ver\u00e4u\u00dfern. Es findet nach und nach in den n\u00e4chsten Wochen die Aufarbeitung und Sichtung der Messger\u00e4tesammlung statt, die er f\u00fcr seine Sachverst\u00e4ndigent\u00e4tigkeit genutzt hat. Ich werde die Ger\u00e4te sichten und sie dann im Namen der neuen Besitzerin meist bei ebay [&hellip;]<\/p>\n","protected":false},"author":2,"featured_media":0,"parent":26,"menu_order":2,"comment_status":"closed","ping_status":"closed","template":"","meta":{"footnotes":""},"class_list":["post-939","page","type-page","status-publish","hentry"],"_links":{"self":[{"href":"https:\/\/www.joergbayerlein.de\/index.php?rest_route=\/wp\/v2\/pages\/939","targetHints":{"allow":["GET"]}}],"collection":[{"href":"https:\/\/www.joergbayerlein.de\/index.php?rest_route=\/wp\/v2\/pages"}],"about":[{"href":"https:\/\/www.joergbayerlein.de\/index.php?rest_route=\/wp\/v2\/types\/page"}],"author":[{"embeddable":true,"href":"https:\/\/www.joergbayerlein.de\/index.php?rest_route=\/wp\/v2\/users\/2"}],"replies":[{"embeddable":true,"href":"https:\/\/www.joergbayerlein.de\/index.php?rest_route=%2Fwp%2Fv2%2Fcomments&post=939"}],"version-history":[{"count":12,"href":"https:\/\/www.joergbayerlein.de\/index.php?rest_route=\/wp\/v2\/pages\/939\/revisions"}],"predecessor-version":[{"id":974,"href":"https:\/\/www.joergbayerlein.de\/index.php?rest_route=\/wp\/v2\/pages\/939\/revisions\/974"}],"up":[{"embeddable":true,"href":"https:\/\/www.joergbayerlein.de\/index.php?rest_route=\/wp\/v2\/pages\/26"}],"wp:attachment":[{"href":"https:\/\/www.joergbayerlein.de\/index.php?rest_route=%2Fwp%2Fv2%2Fmedia&parent=939"}],"curies":[{"name":"wp","href":"https:\/\/api.w.org\/{rel}","templated":true}]}}