{"id":831,"date":"2021-05-03T08:55:45","date_gmt":"2021-05-03T06:55:45","guid":{"rendered":"http:\/\/www.joergbayerlein.de\/?page_id=831"},"modified":"2021-05-03T08:57:51","modified_gmt":"2021-05-03T06:57:51","slug":"knx-einfuehrung","status":"publish","type":"page","link":"https:\/\/www.joergbayerlein.de\/?page_id=831","title":{"rendered":"KNX- Einf\u00fchrung"},"content":{"rendered":"<p>Hier sind die Videos aufgelistet, die sich ausschlie\u00dflich mit KNX befassen. Zun\u00e4chst wird die Theorie erkl\u00e4rt, dann ein Beispiel mit dem Konfigurationsprogramm ETS zusammen mit dem Simulator KNX- Virtual Schritt f\u00fcr Schritt zum Nachmachen vorgef\u00fchrt. Da das Programm ETS im kostenlosen Demomode f\u00fcnf Ger\u00e4t erlaubt, sind diese Beispiele also f\u00fcr alle kostenlos zum \u00dcben geeignet. Sie m\u00fcssen sich also von der Seite knx.org diese beiden Programme downloaden und installieren.<\/p>\n<p><span class=\"nolink\">Gauto 15 KNX T1\u00a0 Intro\u00a0 <\/span><a href=\"https:\/\/www.youtube.com\/watch?v=MflJXLsSuiY\"><span class=\"nolink\">Link<\/span><\/a><br \/>\n<span class=\"nolink\">Gauto 16 KNX T2\u00a0 Osi Schicht 1 <\/span><a href=\"https:\/\/www.youtube.com\/watch?v=LFN2P4L904E\"><span class=\"nolink\">Link<\/span><\/a><br \/>\n<span class=\"nolink\">Gauto 17 KNX T3\u00a0 Impulse + Linienstruktur <\/span><a href=\"https:\/\/www.youtube.com\/watch?v=5oyvFsdYsPs\"><span class=\"nolink\">Link<\/span><\/a><br \/>\n<span class=\"nolink\">Gauto 18 KNX T4\u00a0 Bereichsstruktur <\/span><a href=\"https:\/\/www.youtube.com\/watch?v=ja4JvxkR7JI\"><span class=\"nolink\">Link<\/span><\/a><br \/>\n<span class=\"nolink\">Gauto 19 KNX T5\u00a0 Adressierung <\/span><a href=\"https:\/\/www.youtube.com\/watch?v=SzH3-twaqlc\"><span class=\"nolink\">Link<\/span><\/a><br \/>\n<span class=\"nolink\">Gauto 20 KNX T6\u00a0 Gruppenadressen <\/span><a href=\"https:\/\/www.youtube.com\/watch?v=fCGxFqoWmlo\"><span class=\"nolink\">Link<\/span><\/a><br \/>\n<span class=\"nolink\">Gauto 21 KNX T7 \u00dcbung Adressen <\/span><a href=\"https:\/\/www.youtube.com\/watch?v=t4jcD2UXC-A\"><span class=\"nolink\">Link<\/span><\/a><br \/>\n<span class=\"nolink\">Gauto 22 KNX T8 Kommunikationsobjekte <\/span><a href=\"https:\/\/www.youtube.com\/watch?v=EPAsOyYQSFM\"><span class=\"nolink\">Link<\/span><\/a><br \/>\n<span class=\"nolink\">Gauto 23 KNX T9 Telegrammaufbau <\/span><a href=\"https:\/\/www.youtube.com\/watch?v=T57JQPf8328\"><span class=\"nolink\">Link<\/span><\/a><br \/>\n<span class=\"nolink\">Gauto 24 KNX T10 Buszugriff (CSMA\/CA) und Best\u00e4tigungstelegramm <\/span><a href=\"https:\/\/www.youtube.com\/watch?v=hERFOVULKc0\"><span class=\"nolink\">Link<\/span><\/a><br \/>\n<strong>Demo ETS mit KNX Virtual: Neu Version 2021 <\/strong><br \/>\nGauto 26 KNX Demo T1\/2021 ETS5 mit KNX Virtual Intro <a href=\"https:\/\/www.youtube.com\/watch?v=M-KT47A4Pkg\"><span class=\"nolink\">Link<\/span><\/a><br \/>\n<span class=\"nolink\">Gauto 27 KNX Demo T2\/2021 Schalten<\/span><a href=\"https:\/\/www.youtube.com\/watch?v=P5uJGtrUEpo\"><span class=\"\">Link<\/span><\/a><br \/>\n<span class=\"nolink\">Gauto 28 KNX Demo T3\/2021 Dimmen <\/span><a href=\"https:\/\/www.youtube.com\/watch?v=yPobhO5X3CM\"><span class=\"nolink\">Link<\/span><\/a><br \/>\n<span class=\"nolink\">Gauto 29 KNX Demo T4\/2021 Erg\u00e4nzungen <\/span><a href=\"https:\/\/www.youtube.com\/watch?v=69SuKDYvc94\"><span class=\"\">Link<\/span><\/a><\/p>\n","protected":false},"excerpt":{"rendered":"<p>Hier sind die Videos aufgelistet, die sich ausschlie\u00dflich mit KNX befassen. Zun\u00e4chst wird die Theorie erkl\u00e4rt, dann ein Beispiel mit dem Konfigurationsprogramm ETS zusammen mit dem Simulator KNX- Virtual Schritt f\u00fcr Schritt zum Nachmachen vorgef\u00fchrt. Da das Programm ETS im kostenlosen Demomode f\u00fcnf Ger\u00e4t erlaubt, sind diese Beispiele also f\u00fcr alle kostenlos zum \u00dcben geeignet. [&hellip;]<\/p>\n","protected":false},"author":2,"featured_media":0,"parent":18,"menu_order":5,"comment_status":"closed","ping_status":"closed","template":"","meta":{"footnotes":""},"class_list":["post-831","page","type-page","status-publish","hentry"],"_links":{"self":[{"href":"https:\/\/www.joergbayerlein.de\/index.php?rest_route=\/wp\/v2\/pages\/831","targetHints":{"allow":["GET"]}}],"collection":[{"href":"https:\/\/www.joergbayerlein.de\/index.php?rest_route=\/wp\/v2\/pages"}],"about":[{"href":"https:\/\/www.joergbayerlein.de\/index.php?rest_route=\/wp\/v2\/types\/page"}],"author":[{"embeddable":true,"href":"https:\/\/www.joergbayerlein.de\/index.php?rest_route=\/wp\/v2\/users\/2"}],"replies":[{"embeddable":true,"href":"https:\/\/www.joergbayerlein.de\/index.php?rest_route=%2Fwp%2Fv2%2Fcomments&post=831"}],"version-history":[{"count":4,"href":"https:\/\/www.joergbayerlein.de\/index.php?rest_route=\/wp\/v2\/pages\/831\/revisions"}],"predecessor-version":[{"id":835,"href":"https:\/\/www.joergbayerlein.de\/index.php?rest_route=\/wp\/v2\/pages\/831\/revisions\/835"}],"up":[{"embeddable":true,"href":"https:\/\/www.joergbayerlein.de\/index.php?rest_route=\/wp\/v2\/pages\/18"}],"wp:attachment":[{"href":"https:\/\/www.joergbayerlein.de\/index.php?rest_route=%2Fwp%2Fv2%2Fmedia&parent=831"}],"curies":[{"name":"wp","href":"https:\/\/api.w.org\/{rel}","templated":true}]}}