{"id":771,"date":"2021-03-27T13:18:16","date_gmt":"2021-03-27T12:18:16","guid":{"rendered":"http:\/\/www.joergbayerlein.de\/?page_id=771"},"modified":"2021-06-21T08:28:44","modified_gmt":"2021-06-21T06:28:44","slug":"meine-hits","status":"publish","type":"page","link":"https:\/\/www.joergbayerlein.de\/?page_id=771","title":{"rendered":"Meine Hits"},"content":{"rendered":"\n<p><strong>Karaoke mit christlichen Hits der 70iger bis 90iger Jahre<\/strong><\/p>\n\n\n<p>Hier werde ich in loser Folge meine pers\u00f6nlichen Hits von christlichen Liedern ver\u00f6ffentlichen, die wir in unserem nun \u00fcber 40 j\u00e4hrigen Christsein gerne mit gro\u00dfer Freude gesungen haben. Mein Wunsch und Ziel ist es, das nun schon relativ &#8222;alte&#8220; Liedgut einfach zu erhalten, da es leider in unserer Gemeinde \u00fcberhaupt nicht mehr gesungen wird.<\/p>\n<p>Ich m\u00f6chte Sie einladen, mitzusingen. Deswegen habe ich Videos erstellt, die den Text pr\u00e4sentieren w\u00e4hrend eine Begleitmusik spielt. Quasi wie Karaoke. Wenn Sie nicht genau wissen, wie das Lied gesungen wird, so finden Sie sicher auf Youtube jede Menge Beispiele. Eins habe ich in der Tabelle mal verlinkt, wobei es mir meistens nicht gef\u00e4llt und eventuell mit Werbung kommt.<\/p>\n<p>Ich habe die Begleitung mit meinen bescheidenen laienhaften Kenntnissen der Musik einfach mit dem Multitrack &#8211; DAW- Programm Ableton eingespielt. Verzeiht, wenn es mal nicht perfekt klingt.<\/p>\n<p>Wenn Ihr diese Lieder mal in \u00f6ffentlichen Gruppen in der Kirche etc. singen wollt, gerne, nur beachtet dann die Lizenzen. Privat denke ich sollte es kein Problem sein.<\/p>\n<p>Linkliste in alphabetischer Reihenfolge:<\/p>\n<table cellspacing=\"1\" cellpadding=\"1\" border=\"1\" align=\"center\">\n<tbody>\n<tr>\n<td class=\"rtecenter\" style=\"text-align: center;\">Titel<\/td>\n<td class=\"rtecenter\">Link auf mein Video<\/td>\n<td class=\"rtecenter\">Ein Beispiel auf Youtube<\/td>\n<\/tr>\n<tr>\n<td class=\"rtecenter\">Danket dem Herrn EG333<\/td>\n<td class=\"rtecenter\"><a href=\"https:\/\/www.joergbayerlein.de\/wp-content\/uploads\/2021\/04\/Danket-dem-Herrn.mp4\">Mein Link<\/a> St<\/td>\n<td class=\"rtecenter\"><a href=\"https:\/\/www.youtube.com\/watch?v=HzVk0QA6L50\">Youtube<\/a><\/td>\n<\/tr>\n<tr>\n<td class=\"rtecenter\">Denn Du bist gro\u00df FJ1 103<\/td>\n<td class=\"rtecenter\"><a href=\"https:\/\/www.joergbayerlein.de\/wp-content\/uploads\/2021\/05\/Denn-Du-bist-gro\u00df-st.mp4\">Mein Link<\/a> St<\/td>\n<td class=\"rtecenter\"><a href=\"https:\/\/www.youtube.com\/watch?v=HzVk0QA6L50\">Youtube<\/a><\/td>\n<\/tr>\n<tr>\n<td class=\"rtecenter\">Dir geb\u00fchrt die Ehre FJ3 16<\/td>\n<td class=\"rtecenter\"><a href=\"https:\/\/www.joergbayerlein.de\/wp-content\/uploads\/2021\/05\/Dir-gebuehrt-die-Ehre.mp4\">Mein Link<\/a> St<\/td>\n<td class=\"rtecenter\"><a href=\"https:\/\/www.youtube.com\/watch?v=fTjNXHGyCfA\">Youtube<\/a><\/td>\n<\/tr>\n<tr>\n<td class=\"rtecenter\">Du bist erhoben FJ1 33<\/td>\n<td class=\"rtecenter\"><a href=\"https:\/\/www.joergbayerlein.de\/wp-content\/uploads\/2021\/05\/Du-bist-erhoben-V2.mp4\">Mein Link<\/a> St<\/td>\n<td class=\"rtecenter\"><a href=\"https:\/\/youtu.be\/eAxUaCIbStI\">Youtube<\/a><\/td>\n<\/tr>\n<tr>\n<td class=\"rtecenter\">Geh unter der Gnade IW 130<\/td>\n<td class=\"rtecenter\"><a href=\"https:\/\/www.joergbayerlein.de\/wp-content\/uploads\/2021\/06\/Geh-unter-der-Gnade.mp4\">Mein Link<\/a> St<\/td>\n<td class=\"rtecenter\"><a href=\"https:\/\/youtu.be\/eAxUaCIbStI\">Youtube<\/a><\/td>\n<\/tr>\n<tr>\n<td class=\"rtecenter\">Gott ist gegenw\u00e4rtig EG165<\/td>\n<td class=\"rtecenter\"><a href=\"https:\/\/www.joergbayerlein.de\/wp-content\/uploads\/2021\/04\/Gott-ist-gegenw\u00e4rtig.mp4\">Mein Link<\/a> St<\/td>\n<td class=\"rtecenter\">Youtube<\/td>\n<\/tr>\n<tr>\n<td class=\"rtecenter\">Gro\u00dfer Gott wir loben Dich EG331<\/td>\n<td class=\"rtecenter\"><a href=\"https:\/\/www.joergbayerlein.de\/wp-content\/uploads\/2021\/06\/Grosser-Gott-wir-loben-dich.mp4\">Mein Link<\/a> St<\/td>\n<td class=\"rtecenter\">Youtube<\/td>\n<\/tr>\n<tr>\n<td class=\"rtecenter\">Hab Dank von Herzen FJ1 29<\/td>\n<td class=\"rtecenter\"><a href=\"https:\/\/www.joergbayerlein.de\/wp-content\/uploads\/2021\/04\/Hab-Dank-3.mp4\">Mein Link<\/a> St<\/td>\n<td class=\"rtecenter\"><a href=\"https:\/\/youtu.be\/qWyV5yD-_aA\">Youtube<\/a><\/td>\n<\/tr>\n<tr>\n<td class=\"rtecenter\">Hell strahlt die Sonne NG149<\/td>\n<td class=\"rtecenter\"><a href=\"https:\/\/www.joergbayerlein.de\/wp-content\/uploads\/2021\/05\/Hell-strahlt-die-Sonne-st.mp4\">Mein Link<\/a> St<\/td>\n<td class=\"rtecenter\"><a href=\"https:\/\/www.youtube.com\/watch?v=700KSKA8CjA\">Youtube<\/a><\/td>\n<\/tr>\n<tr>\n<td class=\"rtecenter\">Ich bin bei Dir FJ3 87<\/td>\n<td class=\"rtecenter\"><a href=\"https:\/\/www.joergbayerlein.de\/wp-content\/uploads\/2021\/05\/Ich-bin-bei-Dir-V2-.mp4\">Mein Link<\/a> St<\/td>\n<td class=\"rtecenter\"><a href=\"https:\/\/www.youtube.com\/watch?v=vp-KrwqFqsk\">Youtube<\/a><\/td>\n<\/tr>\n<tr>\n<td class=\"rtecenter\">Ich m\u00f6cht&#8216; dass einer mit mir geht EG209<\/td>\n<td class=\"rtecenter\"><a href=\"https:\/\/www.joergbayerlein.de\/wp-content\/uploads\/2021\/05\/Ich-moecht-dass-einer-mit-mir-geht-V2.mp4\">Mein Link<\/a> St<\/td>\n<td class=\"rtecenter\">Youtube<\/td>\n<\/tr>\n<tr>\n<td class=\"rtecenter\">Ich singe Dir mit Herz und Mund EG 324<\/td>\n<td class=\"rtecenter\"><a href=\"https:\/\/www.joergbayerlein.de\/wp-content\/uploads\/2021\/05\/Ich-singe-dir-mit-Herz-und-Mund-.mp4\">Mein Link <\/a>St<\/td>\n<td class=\"rtecenter\">Youtube<\/td>\n<\/tr>\n<tr>\n<td class=\"rtecenter\">Jesus Christus starb f\u00fcr mich FL 306<\/td>\n<td class=\"rtecenter\"><a href=\"https:\/\/www.joergbayerlein.de\/wp-content\/uploads\/2021\/05\/Jesus-Christus-starb-fuer-mich.mp4\">Mein Link<\/a> St<\/td>\n<td class=\"rtecenter\"><a href=\"https:\/\/www.youtube.com\/watch?v=aKCs72eFhQE\">Youtube<\/a><\/td>\n<\/tr>\n<tr>\n<td class=\"rtecenter\">Jesus, wir sehen auf Dich IW285<\/td>\n<td class=\"rtecenter\"><a href=\"https:\/\/www.joergbayerlein.de\/wp-content\/uploads\/2021\/05\/Jesus-wir-sehen-auf-Dich-V2.mp4\">Mein Link<\/a> St<\/td>\n<td class=\"rtecenter\">Youtube<\/td>\n<\/tr>\n<tr>\n<td class=\"rtecenter\">Jesus, zu Dir kann ich kommen FJ1 82<\/td>\n<td class=\"rtecenter\"><a href=\"https:\/\/www.joergbayerlein.de\/wp-content\/uploads\/2021\/05\/Jesus-zu-dir-kann-ich-kommen.mp4\">Mein Link<\/a> St<\/td>\n<td class=\"rtecenter\">Youtube<\/td>\n<\/tr>\n<tr>\n<td class=\"rtecenter\">Lobe den Herren den m\u00e4chtigen EG 316<\/td>\n<td class=\"rtecenter\"><a href=\"https:\/\/www.joergbayerlein.de\/wp-content\/uploads\/2021\/06\/Lobe-den-Herren-den-maechtigen.mp4\">Mein Link <\/a>St<\/td>\n<td class=\"rtecenter\">Youtube<\/td>\n<\/tr>\n<tr>\n<td class=\"rtecenter\">Nun danket all und bringet Ehr EG322<\/td>\n<td class=\"rtecenter\"><a href=\"https:\/\/www.joergbayerlein.de\/wp-content\/uploads\/2021\/05\/Nun-danket-all-und-bringet-Ehr-GL322-JB.mp4\">Mein Link <\/a>St<\/td>\n<td class=\"rtecenter\">Youtube<\/td>\n<\/tr>\n<tr>\n<td class=\"rtecenter\">Vater deine Liebe FJ1 108<\/td>\n<td class=\"rtecenter\"><a href=\"https:\/\/www.joergbayerlein.de\/wp-content\/uploads\/2021\/05\/Vater-deine-Liebe-V2.mp4\">Mein Link<\/a> St<\/td>\n<td class=\"rtecenter\"><a href=\"https:\/\/youtu.be\/TMY8AGRb2Ko\">Youtube<\/a><\/td>\n<\/tr>\n<tr>\n<td class=\"rtecenter\">Wie ein Hirsch FJ1 162<\/td>\n<td class=\"rtecenter\"><a href=\"https:\/\/www.joergbayerlein.de\/wp-content\/uploads\/2021\/05\/Wie-ein-Hirsch-V2.mp4\">Mein Link<\/a> St<\/td>\n<td class=\"rtecenter\"><a href=\"https:\/\/youtu.be\/yXo-IWzKHxc\">Youtube<\/a><\/td>\n<\/tr>\n<tr>\n<td class=\"rtecenter\">Wie ein Strom von oben FL401<\/td>\n<td class=\"rtecenter\"><a href=\"https:\/\/www.joergbayerlein.de\/wp-content\/uploads\/2021\/05\/Wie-ein-Strom-von-oben-V3.mp4\">Mein Link<\/a> St<\/td>\n<td class=\"rtecenter\"><a href=\"https:\/\/www.youtube.com\/watch?v=cRIl2bhdgzc\">Youtube<\/a><\/td>\n<\/tr>\n<\/tbody>\n<\/table>\n<p>Ich hab noch ca. 100 Lieder in peto und will die in meinem Ruhestand alle mal so einspielen. Es macht mir halt Freude und vielleicht werden diese Lieder ja auch mal wieder in Gottesdiensten gesungen.<\/p>\n<p>Noch ein Wort zur Technik. Ich habe zun\u00e4chst in Ableton die Musik als mp3 exportiert und dann paralle zu einer ppt- Pr\u00e4sentation abgespielt und mit dem Programm Screencast-O- matic als mp4 erzeugt. Erst nach ca. 10 Liedern fiel mir auf, dass die Musik dann nur noch in mono abgespielt wird. Screencast-O-Matic kann nur Mono!!! Erst fand ich eine M\u00f6glichkeit, direkt mit Powerpoint eine mp4 zu exportieren. Nur leider sind die Datein einfach nur extrem gro\u00df (statt 5 MB 400 MB!!! f\u00fcr 2 Minuten mp4). Powerpoint ist also zu bl\u00f6d zum Komprimieren. Nach langem Suchen mach ich das jetzt mit dem kostenpflichtigen NCH- Tool Debut. Die k\u00f6nnen stereo und gut komprimieren. Gekennzeichnet habe ich die neueren Stereo-Versionen mit einem St hinter &#8222;Mein Link&#8220;. Inzwischen sind die Mono- Versionen alle durch neue Stereo ersetzt und z.T. ein zweites Mal (V2) eingespielt, alle inzwischen auch mit Metronom- Taktgeber.<\/p>\n<p>Hinweis f\u00fcr die Quellenangabe, aus denen ich Akkorde etc. benutzt habe: EG: Evangelisches Gesangbuch, FJ1\/2\/3: Feiert Jesus 1\/2\/3, FL: Feiern und Loben, die Gemeindelieder, IW: Ich will Dir danken, Lieder f\u00fcr die Gemeinde, NG: Neue Gemeindlieder<\/p>","protected":false},"excerpt":{"rendered":"<p>Karaoke mit christlichen Hits der 70iger bis 90iger Jahre Hier werde ich in loser Folge meine pers\u00f6nlichen Hits von christlichen Liedern ver\u00f6ffentlichen, die wir in unserem nun \u00fcber 40 j\u00e4hrigen Christsein gerne mit gro\u00dfer Freude gesungen haben. Mein Wunsch und Ziel ist es, das nun schon relativ &#8222;alte&#8220; Liedgut einfach zu erhalten, da es leider [&hellip;]<\/p>\n","protected":false},"author":2,"featured_media":0,"parent":39,"menu_order":0,"comment_status":"closed","ping_status":"closed","template":"","meta":{"footnotes":""},"class_list":["post-771","page","type-page","status-publish","hentry"],"_links":{"self":[{"href":"https:\/\/www.joergbayerlein.de\/index.php?rest_route=\/wp\/v2\/pages\/771","targetHints":{"allow":["GET"]}}],"collection":[{"href":"https:\/\/www.joergbayerlein.de\/index.php?rest_route=\/wp\/v2\/pages"}],"about":[{"href":"https:\/\/www.joergbayerlein.de\/index.php?rest_route=\/wp\/v2\/types\/page"}],"author":[{"embeddable":true,"href":"https:\/\/www.joergbayerlein.de\/index.php?rest_route=\/wp\/v2\/users\/2"}],"replies":[{"embeddable":true,"href":"https:\/\/www.joergbayerlein.de\/index.php?rest_route=%2Fwp%2Fv2%2Fcomments&post=771"}],"version-history":[{"count":64,"href":"https:\/\/www.joergbayerlein.de\/index.php?rest_route=\/wp\/v2\/pages\/771\/revisions"}],"predecessor-version":[{"id":918,"href":"https:\/\/www.joergbayerlein.de\/index.php?rest_route=\/wp\/v2\/pages\/771\/revisions\/918"}],"up":[{"embeddable":true,"href":"https:\/\/www.joergbayerlein.de\/index.php?rest_route=\/wp\/v2\/pages\/39"}],"wp:attachment":[{"href":"https:\/\/www.joergbayerlein.de\/index.php?rest_route=%2Fwp%2Fv2%2Fmedia&parent=771"}],"curies":[{"name":"wp","href":"https:\/\/api.w.org\/{rel}","templated":true}]}}