{"id":648,"date":"2020-05-12T06:39:51","date_gmt":"2020-05-12T04:39:51","guid":{"rendered":"http:\/\/www.joergbayerlein.de\/?page_id=648"},"modified":"2021-04-13T12:53:40","modified_gmt":"2021-04-13T10:53:40","slug":"vorlesung-gebaeudeautomation-2020","status":"publish","type":"page","link":"https:\/\/www.joergbayerlein.de\/?page_id=648","title":{"rendered":"Vorlesung Geb\u00e4udeautomation"},"content":{"rendered":"<p>In meiner Funktion als Professor an der TH L\u00fcbeck sind folgende Videos entstanden. Hier finden Sie Links zu diesen Vorlesungsvideos, die Sie dann abrufen und sich anschauen k\u00f6nnen. Sie sind entstanden aufgrund des Corona Lock Down ab M\u00e4rz 2020 durch Ausfall der Pr\u00e4senzvorlesungen.<\/p>\n<p><strong><span class=\"nolink\">Kapitel 1 Intro Geb\u00e4udeautomation<\/span><\/strong><br \/>\n<span class=\"nolink\">Gauto 1 Intro GA T1\u00a0Einf\u00fchrung in die Geb\u00e4udeautomation Teil 1\u00a0\u00a0 <\/span><a href=\"https:\/\/www.youtube.com\/watch?v=GNoTJUkRaHg\"><span class=\"nolink\">Link<\/span><\/a><br \/>\n<span class=\"nolink\">Gauto 2 Intro GA T2\u00a0Aufgaben und Funktionen der GA\u00a0\u00a0 <\/span><a href=\"https:\/\/www.youtube.com\/watch?v=6ZqTuQTxZWw\"><span class=\"nolink\">Link<\/span><\/a><br \/>\n<span class=\"nolink\">Gauto 3 Intro GA T3\u00a0Benefits \/ Nutzervorteile \/ Synergien von GA\u00a0 <\/span><a href=\"https:\/\/www.youtube.com\/watch?v=7qrUtuZrphE\"><span class=\"nolink\">Link<\/span><\/a><br \/>\n<strong><span class=\"nolink\">Kapitel 2 Normen<\/span><\/strong><br \/>\n<span class=\"nolink\">Gauto 4 Normen T1\u00a0\u00a0Es werden die DIN 16484 und ein RLT- Schema als Beispiel kurz erl\u00e4utert. <\/span><a href=\"https:\/\/www.youtube.com\/watch?v=ac2yq1CBtls\"><span class=\"nolink\">Link<\/span><\/a><br \/>\n<span class=\"nolink\">Gauto 5 Normen T2\u00a0Das Beispiel einer RLT- Anlage wird eingef\u00fchrt <\/span><a href=\"https:\/\/www.youtube.com\/watch?v=mtK96m33CAE\"><span class=\"nolink\">Link<\/span><\/a><br \/>\n<span class=\"nolink\">Gauto 6 Normen T3\u00a0\u00a0Einblicke in die Funktionsliste <\/span><a href=\"https:\/\/www.youtube.com\/watch?v=pesfyjhFewE\"><span class=\"nolink\">Link<\/span><\/a><br \/>\n<span class=\"nolink\">Gauto 7 Normen T4\u00a0Abschluss der Beschreibung der Funktionslisten und Einf\u00fchrung Zustandsdiagramm <\/span><a href=\"https:\/\/www.youtube.com\/watch?v=VIJ6UspaIcs\"><span class=\"nolink\">Link<\/span><\/a><br \/>\n<strong>Kapitel 3 Digitale Daten\u00fcbertragung<\/strong><br \/>\n<span class=\"nolink\">Gauto 8 D\u00dc T1\u00a0 Einf\u00fchrung in Digitale Daten\u00fcbertragung auf Feldbusebene <\/span><a href=\"https:\/\/www.youtube.com\/watch?v=pqS0eVfRHEY\"><span class=\"nolink\">Link<\/span><\/a><br \/>\n<span class=\"nolink\">Gauto 9 D\u00dc T2\u00a0 D\u00dc mit Kanalkodierung, Kreuzparit\u00e4t etc.\u00a0 <\/span><a href=\"https:\/\/www.youtube.com\/watch?v=ed2Hm-3E7pA\"><span class=\"nolink\">Link<\/span><\/a><br \/>\n<span class=\"nolink\">Gauto 10 D\u00dc T3\u00a0 Leitungskodierung\u00a0 <\/span><a href=\"https:\/\/www.youtube.com\/watch?v=zoecr8GSUwY\"><span class=\"nolink\">Link<\/span><\/a><br \/>\n<span class=\"nolink\">Gauto 11 D\u00dc T4\u00a0 Differentieller Manchestercode <\/span><a href=\"https:\/\/www.youtube.com\/watch?v=-rXM80hf9_k\"><span class=\"nolink\">Link<\/span><\/a><br \/>\n<span class=\"nolink\">Gauto 12 D\u00dc T5\u00a0 L\u00f6sung \u00dcbungsaufgabe Kodierung <\/span><br \/>\n<span class=\"nolink\">Gauto 13 D\u00dc T6\u00a0 OSI ISO 7 Schichten Modell <\/span><a href=\"https:\/\/www.youtube.com\/watch?v=LTCHTtd4RdM\"><span class=\"nolink\">Link<\/span><\/a><br \/>\n<span class=\"nolink\">Gauto 14 D\u00dc T7\u00a0 Bustopologie und Zugriffsverfahren <\/span><a href=\"https:\/\/www.youtube.com\/watch?v=zvVkK9Y0h5k\">Link<\/a><br \/>\n<strong>Kapitel 4 KNX<\/strong><br \/>\n<span class=\"nolink\">Gauto 15 KNX T1\u00a0 Intro\u00a0 <\/span><a href=\"https:\/\/www.youtube.com\/watch?v=MflJXLsSuiY\"><span class=\"nolink\">Link<\/span><\/a><br \/>\n<span class=\"nolink\">Gauto 16 KNX T2\u00a0 Osi Schicht 1 <\/span><a href=\"https:\/\/www.youtube.com\/watch?v=LFN2P4L904E\"><span class=\"nolink\">Link<\/span><\/a><br \/>\n<span class=\"nolink\">Gauto 17 KNX T3\u00a0 Impulse + Linienstruktur <\/span><a href=\"https:\/\/www.youtube.com\/watch?v=5oyvFsdYsPs\"><span class=\"nolink\">Link<\/span><\/a><br \/>\n<span class=\"nolink\">Gauto 18 KNX T4\u00a0 Bereichsstruktur <\/span><a href=\"https:\/\/www.youtube.com\/watch?v=ja4JvxkR7JI\"><span class=\"nolink\">Link<\/span><\/a><br \/>\n<span class=\"nolink\">Gauto 19 KNX T5\u00a0 Adressierung <\/span><a href=\"https:\/\/www.youtube.com\/watch?v=SzH3-twaqlc\"><span class=\"nolink\">Link<\/span><\/a><br \/>\n<span class=\"nolink\">Gauto 20 KNX T6\u00a0 Gruppenadressen <\/span><a href=\"https:\/\/www.youtube.com\/watch?v=fCGxFqoWmlo\"><span class=\"nolink\">Link<\/span><\/a><br \/>\n<span class=\"nolink\">Gauto 21 KNX T7 \u00dcbung Adressen <\/span><a href=\"https:\/\/www.youtube.com\/watch?v=t4jcD2UXC-A\"><span class=\"nolink\">Link<\/span><\/a><br \/>\n<span class=\"nolink\">Gauto 22 KNX T8 Kommunikationsobjekte <\/span><a href=\"https:\/\/www.youtube.com\/watch?v=EPAsOyYQSFM\"><span class=\"nolink\">Link<\/span><\/a><br \/>\n<span class=\"nolink\">Gauto 23 KNX T9 Telegrammaufbau <\/span><a href=\"https:\/\/www.youtube.com\/watch?v=T57JQPf8328\"><span class=\"nolink\">Link<\/span><\/a><br \/>\n<span class=\"nolink\">Gauto 24 KNX T10 Buszugriff (CSMA\/CA) und Best\u00e4tigungstelegramm <\/span><a href=\"https:\/\/www.youtube.com\/watch?v=hERFOVULKc0\"><span class=\"nolink\">Link<\/span><\/a><br \/>\n<strong>Demo ETS mit KNX Virtual: Neu Version 2021<\/strong><br \/>\nGauto 26 KNX Demo T1\/2021 ETS5 mit KNX Virtual Intro <a href=\"https:\/\/www.youtube.com\/watch?v=M-KT47A4Pkg\"><span class=\"nolink\">Link<\/span><\/a><br \/>\n<span class=\"nolink\">Gauto 27 KNX Demo T2\/2021 Schalten<\/span><a href=\"https:\/\/www.youtube.com\/watch?v=P5uJGtrUEpo\"><span class=\"\">Link<\/span><\/a><br \/>\n<span class=\"nolink\">Gauto 28 KNX Demo T3\/2021 Dimmen <\/span><a href=\"https:\/\/www.youtube.com\/watch?v=yPobhO5X3CM\"><span class=\"nolink\">Link<\/span><\/a><br \/>\n<span class=\"nolink\">Gauto 29 KNX Demo T4\/2021 Erg\u00e4nzungen <\/span><a href=\"https:\/\/www.youtube.com\/watch?v=69SuKDYvc94\"><span class=\"\">Link<\/span><\/a><br \/>\n<strong>LON \/ BACnet<\/strong><br \/>\n<span class=\"nolink\">Gauto 30 LON T1<\/span> <a href=\"https:\/\/www.youtube.com\/watch?v=5t_tb_5303s\"><span class=\"nolink\">Link<\/span><\/a><br \/>\n<span class=\"nolink\">Gauto 31 LON T2 <\/span><a href=\"https:\/\/www.youtube.com\/watch?v=7vkzGu3IkGM\"><span class=\"nolink\">Link<\/span><\/a><br \/>\n<span class=\"nolink\">Gauto 32 LON T3 <\/span><a href=\"https:\/\/www.youtube.com\/watch?v=sDMUMwwxe_M\"><span class=\"nolink\">Link<\/span><\/a><br \/>\n<span class=\"nolink\">Gauto 33 Bacnet T1 <\/span><a href=\"https:\/\/www.youtube.com\/watch?v=1EkROopjxqw\"><span class=\"nolink\">Link<\/span><\/a><br \/>\n<span class=\"nolink\">Gauto 34 Bacnet T2 <\/span><a href=\"https:\/\/www.youtube.com\/watch?v=P8j-5wN3KWI\"><span class=\"nolink\">Link<\/span><\/a><br \/>\n<span class=\"nolink\">Gauto 35 Bacnet T3 <\/span><a href=\"https:\/\/www.youtube.com\/watch?v=CJqxMZ-sB6g\"><span class=\"nolink\">Link<\/span><\/a><br \/>\n<span class=\"nolink\">Gauto 36 Meine Erfahrungen an konkreten GA KNX FH <\/span><a href=\"https:\/\/www.youtube.com\/watch?v=YSXOhrszpUU\"><span class=\"nolink\">Link<\/span><\/a><br \/>\n<span class=\"nolink\">Gauto 37 KNX Lxushaus, BA HKL <\/span><a href=\"https:\/\/www.youtube.com\/watch?v=2Lep2maQxiE\"><span class=\"nolink\">Link<\/span><\/a><br \/>\n<span class=\"nolink\">Gauto 38 LON Jumeirah Hotel, Astoria Hotel, Eurofins Labore <\/span><a href=\"https:\/\/www.youtube.com\/watch?v=HAHwldv8Ioc\"><span class=\"nolink\">Link<\/span><\/a><\/p>\n","protected":false},"excerpt":{"rendered":"<p>In meiner Funktion als Professor an der TH L\u00fcbeck sind folgende Videos entstanden. Hier finden Sie Links zu diesen Vorlesungsvideos, die Sie dann abrufen und sich anschauen k\u00f6nnen. Sie sind entstanden aufgrund des Corona Lock Down ab M\u00e4rz 2020 durch Ausfall der Pr\u00e4senzvorlesungen. Kapitel 1 Intro Geb\u00e4udeautomation Gauto 1 Intro GA T1\u00a0Einf\u00fchrung in die Geb\u00e4udeautomation [&hellip;]<\/p>\n","protected":false},"author":2,"featured_media":0,"parent":18,"menu_order":2,"comment_status":"closed","ping_status":"closed","template":"","meta":{"footnotes":""},"class_list":["post-648","page","type-page","status-publish","hentry"],"_links":{"self":[{"href":"https:\/\/www.joergbayerlein.de\/index.php?rest_route=\/wp\/v2\/pages\/648","targetHints":{"allow":["GET"]}}],"collection":[{"href":"https:\/\/www.joergbayerlein.de\/index.php?rest_route=\/wp\/v2\/pages"}],"about":[{"href":"https:\/\/www.joergbayerlein.de\/index.php?rest_route=\/wp\/v2\/types\/page"}],"author":[{"embeddable":true,"href":"https:\/\/www.joergbayerlein.de\/index.php?rest_route=\/wp\/v2\/users\/2"}],"replies":[{"embeddable":true,"href":"https:\/\/www.joergbayerlein.de\/index.php?rest_route=%2Fwp%2Fv2%2Fcomments&post=648"}],"version-history":[{"count":14,"href":"https:\/\/www.joergbayerlein.de\/index.php?rest_route=\/wp\/v2\/pages\/648\/revisions"}],"predecessor-version":[{"id":815,"href":"https:\/\/www.joergbayerlein.de\/index.php?rest_route=\/wp\/v2\/pages\/648\/revisions\/815"}],"up":[{"embeddable":true,"href":"https:\/\/www.joergbayerlein.de\/index.php?rest_route=\/wp\/v2\/pages\/18"}],"wp:attachment":[{"href":"https:\/\/www.joergbayerlein.de\/index.php?rest_route=%2Fwp%2Fv2%2Fmedia&parent=648"}],"curies":[{"name":"wp","href":"https:\/\/api.w.org\/{rel}","templated":true}]}}