{"id":62,"date":"2015-05-31T18:57:55","date_gmt":"2015-05-31T16:57:55","guid":{"rendered":"http:\/\/www.joergbayerlein.de\/?page_id=62"},"modified":"2016-10-12T08:56:45","modified_gmt":"2016-10-12T06:56:45","slug":"buchtipps","status":"publish","type":"page","link":"https:\/\/www.joergbayerlein.de\/?page_id=62","title":{"rendered":"Buchtipps"},"content":{"rendered":"<p>Sage mir, was Du liest und ich sage dir wer Du bist&#8230;<\/p>\n<p>Hier folgen ein paar Buchtipps auf B\u00fccher, die mich sehr beeindruckt und gepr\u00e4gt haben und auf jeden Fall lesenswert sind, wenn Du Dich f\u00fcr den christlichen Glauben interessierst.<\/p>\n<p><strong>&#8222;Zur\u00fcck zur Gnade&#8220; von Philip Yancey (SCM)<\/strong><\/p>\n<p>Der Autor ist Theologe und Journalist (quasi der amerikanische Andreas Malessa) und schreibt so interessant und fl\u00fcssig, dass ich das Buch so weggelesen hab. Und bin begeistert. Schonungslos analysiert er unsere postchristliche Zeit. Warum verlassen so viele grade junge Menschen unsere Kirchen? Wie k\u00f6nnen wir die Menschen, die eine entt\u00e4uschende Geschichte mit anderen Christen erlebt haben, wieder zur\u00fcckgewinnen? Wie k\u00f6nnen wir aus unserer Botschaft wieder eine &#8222;frohe&#8220; Botschaft machen? Seine Antwort \u00fcberzeugt: wir m\u00fcssen die Gnade und Liebe wieder neu leben lernen. Absolut empfehlenswerte Lekt\u00fcre.<\/p>\n<p><strong>&#8222;Freischwimmer&#8220; von Torsten Hebel (SCM)<\/strong><\/p>\n<p>Wir kennen ihn als christlichen Kabarettisten, er war mal in unserer Gemeinde in Bad Schwartau. Dann hat er bei Jesus House, die Jugend &#8211; Pro- Christ- Veranstaltung, gepredigt und war als evangelikaler Christ bekannt. Dann kam sein gro\u00dfer Zweifel an Allem, selbst an Gott. In diesem Buch hat er viele bekannte Christen interviewt und wollte von Ihnen Hilfe um seinen Glauben wiederzufinden. Das Ende ist spannend und gro\u00dfartig. Echt lesenswert.<\/p>\n<p><strong>&#8222;Was w\u00fcrde Jesus heute sagen&#8220; von Heiner Geissler<\/strong> (rowohlt)<\/p>\n<p>Der bekannte Attac- Unterst\u00fctzer und CDU- Politiker ist tats\u00e4chlich gl\u00e4ubiger Christ und versucht, die Botschaft von Jesus so in unsere heutige Welt zu \u00fcbersetzen, dass sie absolut die Welt zum Besseren ver\u00e4ndern k\u00f6nnte. Super \u00fcberzeugend spart er auch nicht an \u00e4tzender Kritik an den Pharis\u00e4ern in der eigenen Partei und den christlichen Kirchen. Sehr lesenswert. Dazu findet man eine Inhaltsangabe von Karin Siebert im Netz, die ich hier zitiere: <em>&#8222;Was w\u00fcrde Jesus heute sagen&#8220; zum Fl\u00fcchtlingselend, zur Frauendiskriminierung, zur <\/em><em>Ausl\u00e4nderfeindlichkeit oder der Gier nach Geld, dem religi\u00f6sen Fundamentalismus oder zu <\/em><em>den Kriegen in aller Welt? Akribisch \u00fcbertr\u00e4gt Heiner Gei\u00dfler die Aussagen des Evangeliums <\/em><em>auf die heutige Zeit und konfrontiert die politische, kulturelle und \u00f6konomische Gegenwart <\/em><em>mit der revolution\u00e4rsten Botschaft der Weltgeschichte.<br \/>\n<\/em>Seine zusammengefassten zentralen Aussagen habe ich <a href=\"https:\/\/www.joergbayerlein.de\/?page_id=204\">hier <\/a>zusammengestellt.<\/p>\n<p><strong>&#8222;Glaube hat Gr\u00fcnde&#8220; von Klaus Douglas<\/strong><\/p>\n<p>Ausz\u00fcge daraus lesen wir grad im Hauskreis. Der Autor hat uns in einem Vortrag schon einmal begeistert und tut dies in diesem Buch erst recht. Ob es um Bibelverst\u00e4ndnis oder Fragen um Jesus oder den &#8222;Heiligen Geist&#8220; geht, er trifft absolut mein Geschmack. Unbedingt lesenswert. F\u00fcr &#8222;Fundis&#8220; nicht geeignet.<\/p>\n<p><strong>&#8222;90 Minuten im Himmel&#8220; von Don Piper<\/strong><\/p>\n<p>Sehr authentisch geschriebenes Zeugnis einer Nahtoderfahrung. Beeindruckend. Da kann man sich richtig auf den Himmel freuen.<\/p>\n<p><strong>&#8222;Die H\u00fctte &#8211; ein Wochenende mit Gott&#8220; von William Paul Young<\/strong><\/p>\n<p>Auch f\u00fcr Suchende geeignet, die ihr Gottesbild mal \u00fcberpr\u00fcfen wollen. Unglaublich einf\u00fchlsam und beeindruckend. Hat mir im Gottesverst\u00e4ndnis sehr geholfen.<\/p>\n<p><strong>\u00a0&#8222;6000 Jahre und ein Buch&#8220; von G\u00fcnther S. Wegener<\/strong><\/p>\n<p>Gibt einen ganz \u00fcberzeugenden und glaubhaften Einblick in die Entstehung der Bibel. Hilft ungemein beim Bibelverst\u00e4ndnis.<\/p>\n","protected":false},"excerpt":{"rendered":"<p>Sage mir, was Du liest und ich sage dir wer Du bist&#8230; Hier folgen ein paar Buchtipps auf B\u00fccher, die mich sehr beeindruckt und gepr\u00e4gt haben und auf jeden Fall lesenswert sind, wenn Du Dich f\u00fcr den christlichen Glauben interessierst. &#8222;Zur\u00fcck zur Gnade&#8220; von Philip Yancey (SCM) Der Autor ist Theologe und Journalist (quasi der [&hellip;]<\/p>\n","protected":false},"author":2,"featured_media":0,"parent":39,"menu_order":0,"comment_status":"open","ping_status":"closed","template":"","meta":{"footnotes":""},"class_list":["post-62","page","type-page","status-publish","hentry"],"_links":{"self":[{"href":"https:\/\/www.joergbayerlein.de\/index.php?rest_route=\/wp\/v2\/pages\/62","targetHints":{"allow":["GET"]}}],"collection":[{"href":"https:\/\/www.joergbayerlein.de\/index.php?rest_route=\/wp\/v2\/pages"}],"about":[{"href":"https:\/\/www.joergbayerlein.de\/index.php?rest_route=\/wp\/v2\/types\/page"}],"author":[{"embeddable":true,"href":"https:\/\/www.joergbayerlein.de\/index.php?rest_route=\/wp\/v2\/users\/2"}],"replies":[{"embeddable":true,"href":"https:\/\/www.joergbayerlein.de\/index.php?rest_route=%2Fwp%2Fv2%2Fcomments&post=62"}],"version-history":[{"count":19,"href":"https:\/\/www.joergbayerlein.de\/index.php?rest_route=\/wp\/v2\/pages\/62\/revisions"}],"predecessor-version":[{"id":288,"href":"https:\/\/www.joergbayerlein.de\/index.php?rest_route=\/wp\/v2\/pages\/62\/revisions\/288"}],"up":[{"embeddable":true,"href":"https:\/\/www.joergbayerlein.de\/index.php?rest_route=\/wp\/v2\/pages\/39"}],"wp:attachment":[{"href":"https:\/\/www.joergbayerlein.de\/index.php?rest_route=%2Fwp%2Fv2%2Fmedia&parent=62"}],"curies":[{"name":"wp","href":"https:\/\/api.w.org\/{rel}","templated":true}]}}