{"id":52,"date":"2015-05-30T18:37:42","date_gmt":"2015-05-30T16:37:42","guid":{"rendered":"http:\/\/www.joergbayerlein.de\/?page_id=52"},"modified":"2019-12-12T11:32:10","modified_gmt":"2019-12-12T10:32:10","slug":"impressum","status":"publish","type":"page","link":"https:\/\/www.joergbayerlein.de\/?page_id=52","title":{"rendered":"Impressum"},"content":{"rendered":"<div id=\"c10026\" class=\"csc-default\">\n<p class=\"bodytext\">Diese Seiten werden mit WordPress erstellt. Sie sind mir von einem guten Freund aufgesetzt worden, bei Interesse an \u00e4hnlicher Arbeit vermittle ich gerne den Kontakt. Es ist ein CMS- System \u00e4hnlich z.B. Typo3. Es ist f\u00fcr mich als &#8222;Redakteur&#8220; nun unheimlich bequem, weitere Seiten \/ Artikel und Inhalte zu erstellen und zu \u00e4ndern. Also nie wieder HTML, Dreamweaver oder anderes Zeugs.<\/p>\n<h2>Verantwortlich im Sinne des Pressegesetzes<\/h2>\n<p>J\u00f6rg Bayerlein, Schulweg 4d in 23617 Stockelsdorf<\/p>\n<hr \/>\n<h2>Inhaltlich Verantwortlicher gem\u00e4\u00df \u00a7 55 Abs. 2 RStV<\/h2>\n<p class=\"bodytext\">J\u00f6rg Bayerlein, Schulweg 4d in 23617 Stockelsdorf<\/p>\n<hr \/>\n<h2>Urheber- und Kennzeichenrecht<\/h2>\n<p class=\"bodytext\">Inhalte und Werke auf diesen Seiten sind urheberrechtlich gesch\u00fctzt. Dies umfasst insbesondere Textinhalte sowie Fotos, Grafiken, Video- und Audioaufnahmen und ihre Zusammenstellung sowie Layout und Gestaltung. Eine Vervielf\u00e4ltigung oder Verwendung ist ohne ausdr\u00fcckliche Zustimmung der Rechtsinhaber _innen nicht gestattet, es sei denn, diese ist ausnahmsweise gesetzlich zul\u00e4ssig.<\/p>\n<hr \/>\n<h2>Haftungsausschluss<\/h2>\n<p class=\"bodytext\">Die Inhalte meiner Seiten werden regelm\u00e4\u00dfig aktualisiert und erg\u00e4nzt. Eine Gew\u00e4hr f\u00fcr Funktion, Aktualit\u00e4t, Richtigkeit und Vollst\u00e4ndigkeit der Informationen meiner Seiten, vor allem aber der Link-Verweise und der Informationen der verwiesenen (&#8222;verlinkten&#8220;) Internetseiten der Drittanbieter kann nicht \u00fcbernommen werden. Das gilt auch f\u00fcr die Rechtm\u00e4\u00dfigkeit dieser Inhalte. Die Rechte an diesen Seiten sowie die Verantwortlichkeit f\u00fcr deren Inhalt liegen ausschlie\u00dflich beim Drittanbieter.<\/p>\n<p class=\"bodytext\">Ich distanziere mich von jeglichem angebotenen Inhalt, wenn sich der Inhalt eines Links dahingehend \u00e4ndert, dass Informationen \u00fcbermittelt werden, die nicht mehr mit mir in Verbindung zu bringen sind. Dies gilt insbesondere f\u00fcr Inhalte, deren Verbreitung nach deutschem und ausl\u00e4ndischem Recht verboten ist und deren Beihilfe zur Verbreitung strafrechtlich verfolgt wird. Ich hafte grunds\u00e4tzlich nicht f\u00fcr Sachsch\u00e4den, insbesondere nicht f\u00fcr Folgesch\u00e4den, die durch die Nutzung der von mir zur Verf\u00fcgung gestellten Informationen und Angebote verursacht wurden, soweit sie nicht durch vors\u00e4tzliche oder grob fahrl\u00e4ssige Pflichtverletzung verursacht wurden.<\/p>\n<p class=\"bodytext\">Ich behalte mir vor, Teile der Seiten oder das gesamte Angebot ohne gesonderte Ank\u00fcndigung zu ver\u00e4ndern oder zu erg\u00e4nzen.<\/p>\n<h1>Datenschutzerkl\u00e4rung<\/h1>\n<p>Verantwortlicher im Sinne der Datenschutzgesetze, insbesondere der EU-Datenschutzgrundverordnung (DSGVO), ist: J\u00f6rg Bayerlein<\/p>\n<\/p>\n<h2>Ihre Betroffenenrechte<\/h2>\n<p>Unter den angegebenen Kontaktdaten unseres Datenschutzbeauftragten k\u00f6nnen Sie jederzeit folgende Rechte aus\u00fcben:<\/p>\n<ul>\n<li>Auskunft \u00fcber Ihre bei uns gespeicherten Daten und deren Verarbeitung (Art. 15 DSGVO),<\/li>\n<li>Berichtigung unrichtiger personenbezogener Daten (Art. 16 DSGVO),<\/li>\n<li>L\u00f6schung Ihrer bei uns gespeicherten Daten (Art. 17 DSGVO),<\/li>\n<li>Einschr\u00e4nkung der Datenverarbeitung, sofern wir Ihre Daten aufgrund gesetzlicher Pflichten noch nicht l\u00f6schen d\u00fcrfen (Art. 18 DSGVO),<\/li>\n<li>Widerspruch gegen die Verarbeitung Ihrer Daten bei uns (Art. 21 DSGVO) und<\/li>\n<li>Daten\u00fcbertragbarkeit, sofern Sie in die Datenverarbeitung eingewilligt haben oder einen Vertrag mit uns abgeschlossen haben (Art. 20 DSGVO).<\/li>\n<\/ul>\n<p>Sofern Sie uns eine Einwilligung erteilt haben, k\u00f6nnen Sie diese jederzeit mit Wirkung f\u00fcr die Zukunft widerrufen.<\/p>\n<p>Sie k\u00f6nnen sich jederzeit mit einer Beschwerde an eine Aufsichtsbeh\u00f6rde wenden, z. B. an die zust\u00e4ndige Aufsichtsbeh\u00f6rde des Bundeslands Ihres Wohnsitzes oder an die f\u00fcr uns als verantwortliche Stelle zust\u00e4ndige Beh\u00f6rde.<\/p>\n<p>Eine Liste der Aufsichtsbeh\u00f6rden (f\u00fcr den nicht\u00f6ffentlichen Bereich) mit Anschrift finden Sie unter: <a href=\"https:\/\/www.bfdi.bund.de\/DE\/Infothek\/Anschriften_Links\/anschriften_links-node.html\" target=\"_blank\" rel=\"nofollow noopener\">https:\/\/www.bfdi.bund.de\/DE\/Infothek\/Anschriften_Links\/anschriften_links-node.html<\/a>.<\/p>\n<\/p>\n<h2>Registrierung auf unserer Website<\/h2>\n<h3>Art und Zweck der Verarbeitung:<\/h3>\n<p>Bei der Registrierung f\u00fcr die Nutzung unserer personalisierten Leistungen werden einige personenbezogene Daten erhoben, wie Name, Anschrift, Kontakt- und Kommunikationsdaten (z. B. Telefonnummer und E-Mail-Adresse). Sind Sie bei uns registriert, k\u00f6nnen Sie auf Inhalte und Leistungen zugreifen, die wir nur registrierten Nutzern anbieten. Angemeldete Nutzer haben zudem die M\u00f6glichkeit, bei Bedarf die bei Registrierung angegebenen Daten jederzeit zu \u00e4ndern oder zu l\u00f6schen. Selbstverst\u00e4ndlich erteilen wir Ihnen dar\u00fcber hinaus jederzeit Auskunft \u00fcber die von uns \u00fcber Sie gespeicherten personenbezogenen Daten.<\/p>\n<h3>Rechtsgrundlage:<\/h3>\n<p>Die Verarbeitung der bei der Registrierung eingegebenen Daten erfolgt auf Grundlage einer Einwilligung des Nutzers (Art. 6 Abs. 1 lit. a DSGVO).<\/p>\n<p>Dient die Registrierung der Erf\u00fcllung eines Vertrages, dessen Vertragspartei die betroffene Person ist oder der Durchf\u00fchrung vorvertraglicher Ma\u00dfnahmen, so ist zus\u00e4tzliche Rechtsgrundlage f\u00fcr die Verarbeitung der Daten Art. 6 Abs. 1 lit. b DSGVO.<\/p>\n<h3>Empf\u00e4nger:<\/h3>\n<p>Empf\u00e4nger der Daten sind ggf. technische Dienstleister, die f\u00fcr den Betrieb und die Wartung unserer Website als Auftragsverarbeiter t\u00e4tig werden.<\/p>\n<h3>Speicherdauer:<\/h3>\n<p>Daten werden in diesem Zusammenhang nur verarbeitet, solange die entsprechende Einwilligung vorliegt. Danach werden sie gel\u00f6scht, soweit keine gesetzlichen Aufbewahrungspflichten entgegenstehen. Zur Kontaktaufnahme in diesem Zusammenhang nutzen Sie bitte die am Ende dieser Datenschutzerkl\u00e4rung angegebenen Kontaktdaten.<\/p>\n<h3>Bereitstellung vorgeschrieben oder erforderlich:<\/h3>\n<p>Die Bereitstellung Ihrer personenbezogenen Daten erfolgt freiwillig, allein auf Basis Ihrer Einwilligung. Ohne die Bereitstellung Ihrer personenbezogenen Daten k\u00f6nnen wir Ihnen keinen Zugang auf unsere angebotenen Inhalte und Leistungen gew\u00e4hren.<\/p>\n<\/p>\n<h2>\u00c4nderung unserer Datenschutzbestimmungen<\/h2>\n<p>Wir behalten uns vor, diese Datenschutzerkl\u00e4rung anzupassen, damit sie stets den aktuellen rechtlichen Anforderungen entspricht oder um \u00c4nderungen unserer Leistungen in der Datenschutzerkl\u00e4rung umzusetzen, z.B. bei der Einf\u00fchrung neuer Services. F\u00fcr Ihren erneuten Besuch gilt dann die neue Datenschutzerkl\u00e4rung.<\/p>\n<h2>Fragen an den Datenschutzbeauftragten<\/h2>\n<p>Wenn Sie Fragen zum Datenschutz haben, schreiben Sie uns bitte eine E-Mail oder wenden Sie sich direkt an die f\u00fcr den Datenschutz verantwortliche Person in unserer Organisation: info (at) joergbayerlein.de<\/p>\n<\/p>\n<p><em>Die Datenschutzerkl\u00e4rung wurde mithilfe der activeMind AG erstellt, den Experten f\u00fcr <a href=\"https:\/\/www.activemind.de\/datenschutz\/datenschutzhinweis-generator\/\" target=\"_blank\" rel=\"noopener\">externe Datenschutzbeauftragte<\/a> (Version #2019-04-10).<\/em><\/p>\n<\/div>\n<div id=\"c10028\" class=\"csc-default\">\n<div class=\"artikel-hauptinhalt\">\n<p class=\"bodytext\">\u00a9 2015 J\u00f6rg Bayerlein<\/p>\n<p class=\"bodytext\">Stand: Mai 2015<\/p>\n<\/div>\n<\/div>\n","protected":false},"excerpt":{"rendered":"<p>Diese Seiten werden mit WordPress erstellt. Sie sind mir von einem guten Freund aufgesetzt worden, bei Interesse an \u00e4hnlicher Arbeit vermittle ich gerne den Kontakt. Es ist ein CMS- System \u00e4hnlich z.B. Typo3. Es ist f\u00fcr mich als &#8222;Redakteur&#8220; nun unheimlich bequem, weitere Seiten \/ Artikel und Inhalte zu erstellen und zu \u00e4ndern. Also nie [&hellip;]<\/p>\n","protected":false},"author":2,"featured_media":0,"parent":13,"menu_order":1,"comment_status":"open","ping_status":"closed","template":"","meta":{"footnotes":""},"class_list":["post-52","page","type-page","status-publish","hentry"],"_links":{"self":[{"href":"https:\/\/www.joergbayerlein.de\/index.php?rest_route=\/wp\/v2\/pages\/52","targetHints":{"allow":["GET"]}}],"collection":[{"href":"https:\/\/www.joergbayerlein.de\/index.php?rest_route=\/wp\/v2\/pages"}],"about":[{"href":"https:\/\/www.joergbayerlein.de\/index.php?rest_route=\/wp\/v2\/types\/page"}],"author":[{"embeddable":true,"href":"https:\/\/www.joergbayerlein.de\/index.php?rest_route=\/wp\/v2\/users\/2"}],"replies":[{"embeddable":true,"href":"https:\/\/www.joergbayerlein.de\/index.php?rest_route=%2Fwp%2Fv2%2Fcomments&post=52"}],"version-history":[{"count":7,"href":"https:\/\/www.joergbayerlein.de\/index.php?rest_route=\/wp\/v2\/pages\/52\/revisions"}],"predecessor-version":[{"id":617,"href":"https:\/\/www.joergbayerlein.de\/index.php?rest_route=\/wp\/v2\/pages\/52\/revisions\/617"}],"up":[{"embeddable":true,"href":"https:\/\/www.joergbayerlein.de\/index.php?rest_route=\/wp\/v2\/pages\/13"}],"wp:attachment":[{"href":"https:\/\/www.joergbayerlein.de\/index.php?rest_route=%2Fwp%2Fv2%2Fmedia&parent=52"}],"curies":[{"name":"wp","href":"https:\/\/api.w.org\/{rel}","templated":true}]}}