{"id":491,"date":"2019-11-11T13:11:53","date_gmt":"2019-11-11T12:11:53","guid":{"rendered":"http:\/\/www.joergbayerlein.de\/?page_id=491"},"modified":"2019-12-12T12:01:58","modified_gmt":"2019-12-12T11:01:58","slug":"motivation","status":"publish","type":"page","link":"https:\/\/www.joergbayerlein.de\/?page_id=491","title":{"rendered":"Motivation"},"content":{"rendered":"<p>Wie bin ich zu dieser Bewegung gekommen?<a href=\"https:\/\/www.joergbayerlein.de\/?page_id=567\"><img loading=\"lazy\" decoding=\"async\" class=\"  wp-image-594 alignright\" src=\"https:\/\/www.joergbayerlein.de\/wp-content\/uploads\/2019\/11\/USflag.png\" alt=\"USflag\" width=\"34\" height=\"26\" \/><\/a><\/p>\n<p>Es begann mit Sorgen bez\u00fcglich der steigenden Weltbev\u00f6lkerung, die mir wie eine exponentielle Instabilit\u00e4t erschien. Die ersten Erinnerungen an diese Zahlen ist in den 60er Jahren die Zahl von 3,5 Milliarden Erdbewohnern. Jetzt sind es 7,7 Milliarden (11\/2019), die Zahl hat sich mehr als verdoppelt. Ginge es so weiter, h\u00e4tten wir in 50 Jahren mal eben 15 Milliarden. Aber die Fakten sprechen eine andere Sprache. Nach Lesen des Buches &#8222;<a href=\"https:\/\/www.ullstein-buchverlage.de\/nc\/buch\/details\/factfulness-9783548060415.html\">Factfulness<\/a>&#8220; des Authors Hans Rosling erwarten wir eine S\u00e4ttigung des Wachstums zur n\u00e4chsten Jahrhundertwende bei ca 11 Milliarden. Aber das sind trotz allem noch 3,3 Milliarden dazu und das spielt sich haupts\u00e4chlich in Afrika ab. Aber der Tenor des Buches ist etwa: &#8222;Es regelt sich alles von selbst&#8220;, &#8222;Es wird alles gut&#8220; und &#8222;Mach dir keine Sorgen&#8220;. Ich als Christ denke ja sowieso so.<\/p>\n<p>Aber:<\/p>\n<p>1. Gott hat uns Menschen den Auftrag gegeben &#8222;uns diese Erde untertan zu machen&#8220; (1.\u00a0 Mo. 1,28). Damit meinte er nicht, dass wir sie zerst\u00f6ren, sondern im Gegenteil vern\u00fcnftig damit umgehen sollen. Und das tut die Menschheit nun grade nicht mehr. Also habe ich von Gott den Auftrag gesp\u00fcrt, alles mir m\u00f6gliche dagegen zu unternehmen. Viele Christen denken ja leider anders und sehen die Weltprobleme als von der Bibel vorhergesagt und als Zeichen der baldigen Widerkunft Christi. F\u00fcr uns ist dann ja im Himmel gesorgt. Nur leider geht das ja schon seit 2000 Jahren genau so und Jesus ist nun noch nicht wiedergekommen.\u00a0 Also doch etwas tun?<\/p>\n<p>2. Das h\u00f6chste Gebot nach Jesu Aussage ist: Liebe Gott von ganzem Herzen&#8230; und deinen N\u00e4chsten wie Dich selbst (Mk 12, 29-31). Es ist ein Gebot gegen jeglichen Egoismus, sei es kapitalistisch, oder nationalistisch. Wenn es kritisch wird und schlechte Zeiten kommen, denkt man nat\u00fcrlich erstmal an sich selbst, seine Familie, seinen Staat. Aber mit diesem Gebot k\u00f6nnen wir es vielleicht schaffen, weltweit zu denken.<\/p>\n<p>3. Ich bin jetzt seit 2018 gl\u00fccklicher Opa. Mein Enkel wird im Jahr 2100 etwas \u00fcber 80 sein &#8211; so Gott will- und da m\u00f6chte ich mir nicht von ihm vorwerfen lassen, dass ich nichts getan habe, um seine Lebensbedingungen zu retten. Uns betrifft das alles vielleicht nicht mehr, aber unsere Kinder und Enkel sehr wohl. Also lasst uns etwas tun!<\/p>\n<p>4. Die christlichen Kirchen k\u00f6nnten, wenn sie sich auf ihre zentrale Botschaft besinnen w\u00fcrden, das Evangelium in die ganze Welt zu bringen, an der Rettung der Welt teilhaben und ihren Einfluss zu nutzen, die Menschen zu motivieren und zu st\u00e4rken, um die Zerst\u00f6rung zu stoppen. Vielleicht kommen dann auch wieder die Jugendlichen vermehrt zu uns in die Kirchen.<\/p>\n<p>Aber nun zu einer kurzen Beschreibung der <a href=\"https:\/\/www.joergbayerlein.de\/?page_id=493\">aktuellen globalen Weltprobleme &#8211;&gt;<\/a><\/p>\n<p>Oder gleich zur <a href=\"https:\/\/www.joergbayerlein.de\/?page_id=501\">L\u00f6sung<\/a><\/p>\n","protected":false},"excerpt":{"rendered":"<p>Wie bin ich zu dieser Bewegung gekommen? Es begann mit Sorgen bez\u00fcglich der steigenden Weltbev\u00f6lkerung, die mir wie eine exponentielle Instabilit\u00e4t erschien. Die ersten Erinnerungen an diese Zahlen ist in den 60er Jahren die Zahl von 3,5 Milliarden Erdbewohnern. Jetzt sind es 7,7 Milliarden (11\/2019), die Zahl hat sich mehr als verdoppelt. Ginge es so [&hellip;]<\/p>\n","protected":false},"author":2,"featured_media":0,"parent":486,"menu_order":0,"comment_status":"open","ping_status":"closed","template":"","meta":{"footnotes":""},"class_list":["post-491","page","type-page","status-publish","hentry"],"_links":{"self":[{"href":"https:\/\/www.joergbayerlein.de\/index.php?rest_route=\/wp\/v2\/pages\/491","targetHints":{"allow":["GET"]}}],"collection":[{"href":"https:\/\/www.joergbayerlein.de\/index.php?rest_route=\/wp\/v2\/pages"}],"about":[{"href":"https:\/\/www.joergbayerlein.de\/index.php?rest_route=\/wp\/v2\/types\/page"}],"author":[{"embeddable":true,"href":"https:\/\/www.joergbayerlein.de\/index.php?rest_route=\/wp\/v2\/users\/2"}],"replies":[{"embeddable":true,"href":"https:\/\/www.joergbayerlein.de\/index.php?rest_route=%2Fwp%2Fv2%2Fcomments&post=491"}],"version-history":[{"count":9,"href":"https:\/\/www.joergbayerlein.de\/index.php?rest_route=\/wp\/v2\/pages\/491\/revisions"}],"predecessor-version":[{"id":595,"href":"https:\/\/www.joergbayerlein.de\/index.php?rest_route=\/wp\/v2\/pages\/491\/revisions\/595"}],"up":[{"embeddable":true,"href":"https:\/\/www.joergbayerlein.de\/index.php?rest_route=\/wp\/v2\/pages\/486"}],"wp:attachment":[{"href":"https:\/\/www.joergbayerlein.de\/index.php?rest_route=%2Fwp%2Fv2%2Fmedia&parent=491"}],"curies":[{"name":"wp","href":"https:\/\/api.w.org\/{rel}","templated":true}]}}