{"id":486,"date":"2019-11-11T12:47:02","date_gmt":"2019-11-11T11:47:02","guid":{"rendered":"http:\/\/www.joergbayerlein.de\/?page_id=486"},"modified":"2019-12-12T12:01:53","modified_gmt":"2019-12-12T11:01:53","slug":"save-the-world","status":"publish","type":"page","link":"https:\/\/www.joergbayerlein.de\/?page_id=486","title":{"rendered":"Save the world"},"content":{"rendered":"<p>English Text see <a href=\"#absatz1\">bottom part<\/a> of this page.<a href=\"#absatz1\"><img loading=\"lazy\" decoding=\"async\" class=\" size-full wp-image-594 alignright\" src=\"https:\/\/www.joergbayerlein.de\/wp-content\/uploads\/2019\/11\/USflag.png\" alt=\"USflag\" width=\"34\" height=\"26\" \/><\/a><\/p>\n<p>Liebe Leser,<br \/>\nan dieser Stelle m\u00f6chte ich Sie teilhaben lassen an meinen neusten Gedanken zu dem wichtigsten Thema der Welt: Was k\u00f6nnen wir noch tun, um sie vor dem Verfall durch Verm\u00fcllung, Resourcenausbeutung CO2 Verseuchung und, und, und zu bewahren. Nach dem Lesen des Buches &#8222;Das demokratische Weltparlament&#8220; von Jo Leinen und Andreas Bummel (<a href=\"http:\/\/dietz-verlag.de\/isbn\/9783801204921\/Das-demokratische-Weltparlament-Eine-kosmopolitische-Vision-Jo-Leinen-Andreas-Bummel\">Link zum Verlag, nicht zu Amazon<\/a>) bin ich zu der festen \u00dcberzeugung gelangt, dass dies die einzige, gewaltfreie und vern\u00fcnftige L\u00f6sung ist, die \u00fcberhaupt noch &#8211; wenn es nicht l\u00e4ngst zu sp\u00e4t ist &#8211; die Chance in sich tr\u00e4gt, zur Rettung der Welt beizutragen. Ich m\u00f6chte auf dieser und den folgenden Seiten meine kurze Zusammenfassung geben und motivieren, &#8222;Influenzer&#8220; sein und alle Leser aufrufen, ebenfalls diese Idee zu unterst\u00fctzen.<\/p>\n<p>Links, auf denen Sie \u00fcber diese Bewegung mehr nachlesen und diese unterst\u00fctzen k\u00f6nnen:<\/p>\n<p>Site von Andreas Bummel: <a href=\"https:\/\/de.unpacampaign.org\/\">UNPA campaign<\/a>.<\/p>\n<p>Internationale Site von Andreas Bummel: <a href=\"https:\/\/www.democracywithoutborders.org\/de\/\">democracy without borders<\/a><\/p>\n<p>&nbsp;<\/p>\n<p><a href=\"https:\/\/www.joergbayerlein.de\/wp-content\/uploads\/2019\/11\/Buch-Jo-Leinen-DDWParlament.png\"><img loading=\"lazy\" decoding=\"async\" class=\"  wp-image-505 alignleft\" src=\"https:\/\/www.joergbayerlein.de\/wp-content\/uploads\/2019\/11\/Buch-Jo-Leinen-DDWParlament-214x300.png\" alt=\"Buch Jo Leinen DDWParlament\" width=\"174\" height=\"244\" srcset=\"https:\/\/www.joergbayerlein.de\/wp-content\/uploads\/2019\/11\/Buch-Jo-Leinen-DDWParlament-214x300.png 214w, https:\/\/www.joergbayerlein.de\/wp-content\/uploads\/2019\/11\/Buch-Jo-Leinen-DDWParlament.png 350w\" sizes=\"auto, (max-width: 174px) 100vw, 174px\" \/><\/a>Zu dem Buch: Es ist ein ausgezeichnet recherchiertes Werk, in dem f\u00fcr mich als Politik- Laien die Sachlagen von allen Seiten ausf\u00fchrlich beleuchtet werden. Es ist nicht einfach zu lesen, da es fundierte Fachliteratur zum Thema darstellt. Beeindruckend sind (gef\u00fchlte) Tausende von Zitaten aus Ver\u00f6ffentlichungen und B\u00fcchern, die zu diesem Thema in den letzten Jahren entstanden sind. Ich kann nur jedem dringend empfehlen, der sich f\u00fcr diese Thematik interessiert, es zu lesen. Es ver\u00e4ndert!<\/p>\n<p>So kommen Sie auf meine Seiten (deutscher Text):<\/p>\n<p><a href=\"https:\/\/www.joergbayerlein.de\/?page_id=491\">Motivation<\/a><\/p>\n<p><a href=\"https:\/\/www.joergbayerlein.de\/?page_id=493\">Globale Probleme <\/a><\/p>\n<p><a href=\"https:\/\/www.joergbayerlein.de\/?page_id=501\">L\u00f6sung<\/a><\/p>\n<p>&nbsp;<\/p>\n<p id=\"absatz1\">&#8230;&#8230;<\/p>\n<p>Dear readers,<br \/>\nat this point I would like to let you participate in my latest thoughts on the most important topic in the world: What can we still do to protect the world from decay by littering, resource exploitation, CO2 pollution etc.? After reading the book \u201dA World Parliament&#8220;; by Jo Leinen and Andreas Bummel (<a href=\"https:\/\/www.amazon.de\/World-Parliament-Governance-Democracy-Century\/dp\/3942282135\">link to Amazon<\/a>) (I have read the germen version) I came to the firm conviction that this is the only non-violent and reasonable solution that still \u2013 if it is not too late \u2013 has the chance to contribute to saving the world. On the following pages I would like to give my short summary and motivate you to be an \u201cinfluencer&#8220; and to call on all my readers to support this idea as well.<\/p>\n<p>Links where you can read more about this movement and support it:<\/p>\n<p>Site of Andreas Bummel: <a href=\"https:\/\/en.unpacampaign.org\/\">UNPA campaign<\/a>.<\/p>\n<p>International site of Andreas Bummel: <a href=\"https:\/\/www.democracywithoutborders.org\/\">democracy without borders<\/a><\/p>\n<p><a href=\"https:\/\/www.joergbayerlein.de\/wp-content\/uploads\/2019\/11\/Buch-US1.png\"><img loading=\"lazy\" decoding=\"async\" class=\" size-medium wp-image-582 alignleft\" src=\"https:\/\/www.joergbayerlein.de\/wp-content\/uploads\/2019\/11\/Buch-US1-199x300.png\" alt=\"Buch US\" width=\"199\" height=\"300\" srcset=\"https:\/\/www.joergbayerlein.de\/wp-content\/uploads\/2019\/11\/Buch-US1-199x300.png 199w, https:\/\/www.joergbayerlein.de\/wp-content\/uploads\/2019\/11\/Buch-US1.png 680w\" sizes=\"auto, (max-width: 199px) 100vw, 199px\" \/><\/a>About the book: It is an excellently researched work, in which for me as a political layman the facts are examined in detail and from all sides. It is not easy to read, as it contains well-founded technical literature on the subject. I was impressed by (so it seems) thousands of quotations from publications and books, which had been published about this topic in the last years. I can only urge anyone who is interested in this subject to read it. It&#8217;s changing!<\/p>\n<p>&nbsp;<\/p>\n<p>&nbsp;<\/p>\n<p>This is how you can get to my pages (english text):<\/p>\n<p><a href=\"https:\/\/www.joergbayerlein.de\/?page_id=567\">Motivation<\/a><\/p>\n<p><a href=\"https:\/\/www.joergbayerlein.de\/?page_id=569\">Global Problems<\/a><\/p>\n<p><a href=\"https:\/\/www.joergbayerlein.de\/?page_id=571\">Solution<\/a><\/p>\n","protected":false},"excerpt":{"rendered":"<p>English Text see bottom part of this page. Liebe Leser, an dieser Stelle m\u00f6chte ich Sie teilhaben lassen an meinen neusten Gedanken zu dem wichtigsten Thema der Welt: Was k\u00f6nnen wir noch tun, um sie vor dem Verfall durch Verm\u00fcllung, Resourcenausbeutung CO2 Verseuchung und, und, und zu bewahren. Nach dem Lesen des Buches &#8222;Das demokratische [&hellip;]<\/p>\n","protected":false},"author":2,"featured_media":0,"parent":0,"menu_order":6,"comment_status":"open","ping_status":"closed","template":"","meta":{"footnotes":""},"class_list":["post-486","page","type-page","status-publish","hentry"],"_links":{"self":[{"href":"https:\/\/www.joergbayerlein.de\/index.php?rest_route=\/wp\/v2\/pages\/486","targetHints":{"allow":["GET"]}}],"collection":[{"href":"https:\/\/www.joergbayerlein.de\/index.php?rest_route=\/wp\/v2\/pages"}],"about":[{"href":"https:\/\/www.joergbayerlein.de\/index.php?rest_route=\/wp\/v2\/types\/page"}],"author":[{"embeddable":true,"href":"https:\/\/www.joergbayerlein.de\/index.php?rest_route=\/wp\/v2\/users\/2"}],"replies":[{"embeddable":true,"href":"https:\/\/www.joergbayerlein.de\/index.php?rest_route=%2Fwp%2Fv2%2Fcomments&post=486"}],"version-history":[{"count":24,"href":"https:\/\/www.joergbayerlein.de\/index.php?rest_route=\/wp\/v2\/pages\/486\/revisions"}],"predecessor-version":[{"id":612,"href":"https:\/\/www.joergbayerlein.de\/index.php?rest_route=\/wp\/v2\/pages\/486\/revisions\/612"}],"wp:attachment":[{"href":"https:\/\/www.joergbayerlein.de\/index.php?rest_route=%2Fwp%2Fv2%2Fmedia&parent=486"}],"curies":[{"name":"wp","href":"https:\/\/api.w.org\/{rel}","templated":true}]}}