{"id":46,"date":"2015-05-30T17:47:31","date_gmt":"2015-05-30T15:47:31","guid":{"rendered":"http:\/\/www.joergbayerlein.de\/?page_id=46"},"modified":"2019-01-31T14:08:29","modified_gmt":"2019-01-31T13:08:29","slug":"themenbeispiele","status":"publish","type":"page","link":"https:\/\/www.joergbayerlein.de\/?page_id=46","title":{"rendered":"Themenbeispiele"},"content":{"rendered":"<p><strong>Themenbeispiele erstellter Gutachten<\/strong><\/p>\n<p data-select-like-a-boss=\"1\">Umsatzausfall Windkraftanlagen nach Kabelschaden<br \/>\nBeurteilung einer Reparatur eines Industriestaubsaugers<br \/>\nUntersuchung defekter Mac<br \/>\nAussp\u00e4hung durch Kamera\u00fcberwachungsanlage<br \/>\nBeweis f\u00fcr iPhone- Clone<br \/>\nUntersuchung von Linearantrieben<br \/>\nUntersuchung eines Zahnarztstuhles<br \/>\nAlarmanlage mit Lichtleisten<br \/>\nLastenheftuntersuchung und Vergleich eines Serumpr\u00fcfger\u00e4tes Autoblot<br \/>\nIEC 60601 &#8211; Normenkonformit\u00e4t von Monitoren in Zahnarztpraxis<br \/>\nDICOM- f\u00e4higkeit einer R\u00f6ntgenanlage<br \/>\nUntersuchung eines Zweitarife &#8211; Stromz\u00e4hlers nach \u00fcberh\u00f6hter Stromrechnung<br \/>\nIPL- Haarentfernungsger\u00e4t<br \/>\nUntersuchung von defekten Elektrolytkondensatoren<br \/>\nUntersuchnug von Licht-Dimmerelektronik<br \/>\nSicherheit \/F\u00e4lschungssicherheit von EMV- Chips<br \/>\nF\u00e4lschungssicherheit von 3D-Sonographiedateien<br \/>\nSonographieger\u00e4t<br \/>\nScheibenwischerelektronik<br \/>\n\u00dcberspannungsschaden<br \/>\nGer\u00e4teschaden Router \/ Jalousiensteuerung nach Stromausfall<br \/>\nWertanalyse Schallpegelmessger\u00e4t<br \/>\nVideo-Alarmanlage<br \/>\nCO \/ CO2- Gasanalyseger\u00e4t<br \/>\nRechnungspr\u00fcfung Kabelschaden durch Bagger<br \/>\nM\u00e4ngel an einer Internetshop- Software<br \/>\nBlitzschaden Heizung, Telefon<br \/>\nSchnittstelle zu einem E-Board<br \/>\nGeb\u00e4udeautomation eines Hotels in Berlin<br \/>\nSteuerung eines Autoklaven<br \/>\nRechnungspr\u00fcfung Schaden an Glasfaserkabel durch Bagger<br \/>\nTodesfall an Beatmungsger\u00e4t<br \/>\nUnklare Geldabhebungen Geldautomat<br \/>\nFehler an Server R\u00f6ntgenger\u00e4t Zahnarztpraxis mit OT<br \/>\nDurch Fehlkabelung zerst\u00f6rte Musikanlage<br \/>\nZerst\u00f6rtes Display Laptop<br \/>\nDurch \u00fcberspannung zerst\u00f6rter PC<br \/>\nDurch Lasershow zerst\u00f6rte Live- Kameras<br \/>\nM\u00e4ngel in Augenartzsoftware<br \/>\nR\u00fcckfahrsystem mit Kamera und Monitor<br \/>\nBlitzschaden an DSL-Modem Fax, Telefon Laptop<br \/>\nSteuerung Biogasanlage<br \/>\nHDMI- Kabel Qualit\u00e4tsmessung mit Tektronix Scope<br \/>\nWasserschaden an drei R\u00f6ntgen-Serverschr\u00e4nken<br \/>\nDatenverlust durch defekte Serverfestplatten<br \/>\nDefekte Grafikkarte<br \/>\nMangel an einem DJ-Audiomischer<br \/>\nMangel bei Farblaserdrucker<br \/>\nSchnittstelle zu einem Orthopantomograph bei Zahnarzt<br \/>\nSoftware 3D- Fr\u00e4smaschine Holzfabrik<br \/>\nph- Messger\u00e4t<br \/>\nProfessionelles Dartger\u00e4t<br \/>\nBlitzschadem an mehreren TV- Ger\u00e4ten<br \/>\nMedizinischer Rotablator defekt?<br \/>\nDubiose Handy-Rechnungen &#8211; Virus?<br \/>\nWasserschaden einer Serveranlage<br \/>\nUntersuchung Fehlerursache USB- Stick<br \/>\nUntersuchung eines Pipettierrobotors f\u00fcr die Veterin\u00e4rmedizin<br \/>\nUntersuchung einer Wintergartenabschattungssteuerung<br \/>\nUntersuchung eines Digitalscopes<br \/>\nUntersuchung einer medizinischen Umsetzhilfe<br \/>\nUntersuchung einer Video\u00fcberwachungsanlage mit \u00fcber 100 Videocameras mit Glasfaservernetzung<br \/>\nUntersuchung zweier Server<br \/>\nUntersuchung Fehlerursache Brandmeldezentrale<br \/>\nUntersuchung eines medizinischen Magnetimpulsger\u00e4tes<br \/>\nSchadenermittlung und Ursache eines \u00dcberspannungsschadens<br \/>\nUntersuchung von M\u00e4ngeln an einem PC<br \/>\nSchadenuntersuchung der Brandursache an einer Schleifmaschine<br \/>\nUntersuchung einer Einbruchmeldeanlage<br \/>\nUntersuchung eines Kfz- Radios mit Navigationssystem<br \/>\nUntersuchung einer Modelleisenbahnsoftware<br \/>\nUntersuchung einer mangelbehafteten professionellen Videokamera<br \/>\nUntersuchung eines Kfz- Leistungsmessger\u00e4tes<br \/>\nUntersuchung eines defekten Mikroprozessors<br \/>\nUntersuchung einer mangelbehafteten Garagentorsteuerung<br \/>\nUntersuchung einer mangelbehaften Schiebetoranlage<br \/>\nUntersuchung eines defekten Matrixdruckers<br \/>\nSchadenermittlung in einem Versicherungsfall durch \u00dcberspannung aufgrund fehlenden Nullleiters<br \/>\nUntersuchung von von ungekl\u00e4rten Posten auf einem Einzelverbindungsnachweis einer Handyrechnung<br \/>\nUntersuchung der Softwaredokumentation eines Montageautomaten<br \/>\nKontaktloses Schl\u00fcsselsystem zur Abrechnung auf Campingplatz<br \/>\nUntersuchung eines Laptop auf Dialer<br \/>\nDefekte Komminikation von Messger\u00e4ten mit serieller Schnittstelle in einer Artzpraxis<br \/>\nAbsturzursache eines Modellflugzeuges<br \/>\nUntersuchung der technischen M\u00f6glichkeit, die OIN von EC- Karten binnen Sekunden zu berechnen<br \/>\ndefekte Pinnacle DV500 -Video- Capture- Karte<br \/>\ndefektes Netzteil an einem R\u00f6tgenger\u00e4t<br \/>\nUntersuchung einer elektronischen Schrankenanlage an einem Parkplatz<br \/>\nBatterieladeger\u00e4te<br \/>\nLaserdrucker<br \/>\nTelephonanlage mit Laserdrucker<br \/>\nWasserschaden an elektronischen Bauteilen<br \/>\nElektronischer Zeitz\u00e4hler in Campingplatz-Duschanlage<br \/>\nDefekte Laptops<br \/>\nAbsturzeffekte an MAC-Rechner<br \/>\nPositionsregler an Abkantmaschine<br \/>\nVerkehrsunfall an Schrankenanlage<br \/>\nPC-Vernetzung<br \/>\nPositionierfehler an dem Werkzeugwechsler einer Drehmaschine<br \/>\nRechnerabst\u00fcrze bei hoher Prozessorauslastung<br \/>\nWertgutachten f\u00fcr insolventen Elektronik-Distributor<br \/>\nMedizinisches Balneotherapie-Badeger\u00e4t<br \/>\nSteuerung an einem Werkzeugwechsler<br \/>\nWindows-Software eines Rezepturprogrammes<br \/>\nAudioanlage in einem Theater<br \/>\nSteuerung eines Tores<\/p>\n","protected":false},"excerpt":{"rendered":"<p>Themenbeispiele erstellter Gutachten Umsatzausfall Windkraftanlagen nach Kabelschaden Beurteilung einer Reparatur eines Industriestaubsaugers Untersuchung defekter Mac Aussp\u00e4hung durch Kamera\u00fcberwachungsanlage Beweis f\u00fcr iPhone- Clone Untersuchung von Linearantrieben Untersuchung eines Zahnarztstuhles Alarmanlage mit Lichtleisten Lastenheftuntersuchung und Vergleich eines Serumpr\u00fcfger\u00e4tes Autoblot IEC 60601 &#8211; Normenkonformit\u00e4t von Monitoren in Zahnarztpraxis DICOM- f\u00e4higkeit einer R\u00f6ntgenanlage Untersuchung eines Zweitarife &#8211; Stromz\u00e4hlers nach [&hellip;]<\/p>\n","protected":false},"author":2,"featured_media":0,"parent":26,"menu_order":0,"comment_status":"open","ping_status":"closed","template":"","meta":{"footnotes":""},"class_list":["post-46","page","type-page","status-publish","hentry"],"_links":{"self":[{"href":"https:\/\/www.joergbayerlein.de\/index.php?rest_route=\/wp\/v2\/pages\/46","targetHints":{"allow":["GET"]}}],"collection":[{"href":"https:\/\/www.joergbayerlein.de\/index.php?rest_route=\/wp\/v2\/pages"}],"about":[{"href":"https:\/\/www.joergbayerlein.de\/index.php?rest_route=\/wp\/v2\/types\/page"}],"author":[{"embeddable":true,"href":"https:\/\/www.joergbayerlein.de\/index.php?rest_route=\/wp\/v2\/users\/2"}],"replies":[{"embeddable":true,"href":"https:\/\/www.joergbayerlein.de\/index.php?rest_route=%2Fwp%2Fv2%2Fcomments&post=46"}],"version-history":[{"count":9,"href":"https:\/\/www.joergbayerlein.de\/index.php?rest_route=\/wp\/v2\/pages\/46\/revisions"}],"predecessor-version":[{"id":333,"href":"https:\/\/www.joergbayerlein.de\/index.php?rest_route=\/wp\/v2\/pages\/46\/revisions\/333"}],"up":[{"embeddable":true,"href":"https:\/\/www.joergbayerlein.de\/index.php?rest_route=\/wp\/v2\/pages\/26"}],"wp:attachment":[{"href":"https:\/\/www.joergbayerlein.de\/index.php?rest_route=%2Fwp%2Fv2%2Fmedia&parent=46"}],"curies":[{"name":"wp","href":"https:\/\/api.w.org\/{rel}","templated":true}]}}