{"id":457,"date":"2019-07-15T19:09:10","date_gmt":"2019-07-15T17:09:10","guid":{"rendered":"http:\/\/www.joergbayerlein.de\/?page_id=457"},"modified":"2019-12-12T12:01:08","modified_gmt":"2019-12-12T11:01:08","slug":"gedanken-zur-zahl-pi","status":"publish","type":"page","link":"https:\/\/www.joergbayerlein.de\/?page_id=457","title":{"rendered":"Gedanken zur Zahl Pi"},"content":{"rendered":"<p>Man kommt an ihr nicht vorbei, und die Unendlichkeit der Anzahl der Nachkommastellen ist einfach faszinierend. Wenn dann so eine Aussage kommt wie : &#8222;In der Zahl PI ist die komplette Bibel kodiert enthalten&#8220;, dann f\u00e4ngt man einfach an, dar\u00fcber nachzudenken. Zusammen mit meiner Erfahrung mit der C#- Programmierung bietet sich einfach an, dar\u00fcber mal l\u00e4nger nachzuforschen. Auf dieser Seite bekommen Sie ein Programm, mit dem Sie in die Lage versetzt werden, Ziffernkombinationen in den ersten 50 Millionen Nachkommastellen der Zahl PI zu finden.<\/p>\n<p>Die Zahl Pi, die &#8222;Kreiszahl&#8220;, ist schon seit vielen tausend Jahren bekannt und stellt das Verh\u00e4ltnis zwischen Umfang und Durchmesser eines Kreises dar. Auf Wikipedia ist eine <a href=\"https:\/\/de.wikipedia.org\/wiki\/Kreiszahl\">ersch\u00f6pfende Erkl\u00e4rung<\/a> daf\u00fcr verf\u00fcgbar.<\/p>\n<p>Wer gerne mal selber Untersuchungen durchf\u00fchren m\u00f6chte, der kann <a href=\"https:\/\/www.joergbayerlein.de\/wp-content\/uploads\/2019\/07\/PI-50Mio.txt\">diese Textdatei hier<\/a> (&gt;50 MByte!) herunterladen, die ich aus der im Internet frei verf\u00fcgbaren kodierten Datei pi50.4.bin erzeugt habe. Sie enth\u00e4lt 50 Millionen Nachkommastellen von PI. Sie kann mit handels\u00fcblichen Editoren dargestellt werden, falls diese mit 50 Millionen Zeichen umgehen k\u00f6nnen. Mehr Nachkommastellen f\u00fchren einfach zu einer unangenehmen Unhandlichkeit. Und statistische \u00dcberpr\u00fcfungen sind auf jeden Fall gut m\u00f6glich. Eine etwas handlichere Datei ist <a href=\"https:\/\/www.joergbayerlein.de\/wp-content\/uploads\/2019\/07\/pi_1mio.txt\">diese hier <\/a>mit 1 Million Nachkommastellen von PI.<\/p>\n<p>Ein einfaches C#- Programm finden sie<a href=\"https:\/\/www.joergbayerlein.de\/wp-content\/uploads\/2019\/07\/InvestigationsWithPI.zip\"> hinter diesem Link<\/a>, den Visual Studio- Compiler starten Sie nach Auspacken der Zip- Datei mit Doppelklick auf die Datei &#8222;InvestigationsWithPI.sln&#8220;, das ausf\u00fchrbare Programm &#8222;InvestigationsWithPI.exe&#8220; finden Sie im Ordner\u00a0 &#8222;InvestigationsWithPI\/bin\/debug\/. Dort k\u00f6nne Sie diese PI- Dateien laden und z. B. eine beliebige Ziffernkombination in PI suchen.<\/p>\n<p>Wer dann mal meine Gedanken zur Statistik lesen m\u00f6chte, der schaue sich <a href=\"https:\/\/www.joergbayerlein.de\/wp-content\/uploads\/2019\/07\/Einige-Statistikzahlen-rund-um-PI.pdf\">diese pdf- Datei <\/a>an. Allein um meinen Namen ASCII- codiert in der Zahl PI zu finden, muss man soviele Nachkommastellen von PI ausrechnen, dass das Universum- Alter nicht daf\u00fcr ausreicht, diese zu berechnen und man ben\u00f6tigt, um diese abzuspeichern, Festplatten von einem Volumen, dass dem halben Erdvolumen entspricht. Viel Spa\u00df beim Lesen.<\/p>\n<p>Dann habe ich grade nach einem Hinweis eines Studenten zu diesem Thema sogar echte Internet- Fake- News zur Zahl PI gefunden. Da hat dann ein <a href=\"http:\/\/proofpi.com\/search-for-pi-proof-2.php\">Herr Carl Thompson<\/a> angeblich &#8222;bewiesen&#8220;, dass alle vorherigen Aussagen zur Zahl PI falsch seien und die richtige, seine richtige Zahl PI = 3,144 &#8230; lautet. Man lese diesen Unsinn auf der Thompson- Seite nach und meine Antwort darauf<a href=\"https:\/\/www.joergbayerlein.de\/wp-content\/uploads\/2019\/07\/Aufl\u00f6sung-Proof-of-Pi-von-Carl-Thompson.pdf\"> in dieser Datei<\/a>.<\/p>\n<p>&nbsp;<\/p>\n","protected":false},"excerpt":{"rendered":"<p>Man kommt an ihr nicht vorbei, und die Unendlichkeit der Anzahl der Nachkommastellen ist einfach faszinierend. Wenn dann so eine Aussage kommt wie : &#8222;In der Zahl PI ist die komplette Bibel kodiert enthalten&#8220;, dann f\u00e4ngt man einfach an, dar\u00fcber nachzudenken. Zusammen mit meiner Erfahrung mit der C#- Programmierung bietet sich einfach an, dar\u00fcber mal [&hellip;]<\/p>\n","protected":false},"author":2,"featured_media":0,"parent":98,"menu_order":3,"comment_status":"open","ping_status":"closed","template":"","meta":{"footnotes":""},"class_list":["post-457","page","type-page","status-publish","hentry"],"_links":{"self":[{"href":"https:\/\/www.joergbayerlein.de\/index.php?rest_route=\/wp\/v2\/pages\/457","targetHints":{"allow":["GET"]}}],"collection":[{"href":"https:\/\/www.joergbayerlein.de\/index.php?rest_route=\/wp\/v2\/pages"}],"about":[{"href":"https:\/\/www.joergbayerlein.de\/index.php?rest_route=\/wp\/v2\/types\/page"}],"author":[{"embeddable":true,"href":"https:\/\/www.joergbayerlein.de\/index.php?rest_route=\/wp\/v2\/users\/2"}],"replies":[{"embeddable":true,"href":"https:\/\/www.joergbayerlein.de\/index.php?rest_route=%2Fwp%2Fv2%2Fcomments&post=457"}],"version-history":[{"count":6,"href":"https:\/\/www.joergbayerlein.de\/index.php?rest_route=\/wp\/v2\/pages\/457\/revisions"}],"predecessor-version":[{"id":468,"href":"https:\/\/www.joergbayerlein.de\/index.php?rest_route=\/wp\/v2\/pages\/457\/revisions\/468"}],"up":[{"embeddable":true,"href":"https:\/\/www.joergbayerlein.de\/index.php?rest_route=\/wp\/v2\/pages\/98"}],"wp:attachment":[{"href":"https:\/\/www.joergbayerlein.de\/index.php?rest_route=%2Fwp%2Fv2%2Fmedia&parent=457"}],"curies":[{"name":"wp","href":"https:\/\/api.w.org\/{rel}","templated":true}]}}