{"id":39,"date":"2015-05-30T17:31:30","date_gmt":"2015-05-30T15:31:30","guid":{"rendered":"http:\/\/www.joergbayerlein.de\/?page_id=39"},"modified":"2016-05-13T14:36:11","modified_gmt":"2016-05-13T12:36:11","slug":"glaube","status":"publish","type":"page","link":"https:\/\/www.joergbayerlein.de\/?page_id=39","title":{"rendered":"Glaube"},"content":{"rendered":"<p>Seit 1977 glaube ich, dass Jesus Christus lebt, er f\u00fcr mich gestorben und wahrhaftig auferstanden ist. Ich m\u00f6chte mein Leben nach den Weisungen und Ma\u00dfst\u00e4ben von Jesus ausrichten und bin \u00fcberzeugt, dass nur er einen wahren Sinn des Lebens geben kann.<br \/>\nSeit 2012 geh\u00f6ren wir (meine Frau und ich) der evangelischen Gemeinde St. Matth\u00e4i in L\u00fcbeck an. Davor waren wir Baptisten, da wir 1977 in der Baptistengemeinde Westerstede zusammen als Erwachsene getauft wurden. Ich f\u00fchle mich mit allen Menschen verbunden, die den Glauben an Jesus Christus mit mir teilen k\u00f6nnen, seien es nun &#8222;Landeskirchler&#8220; oder &#8222;Katholiken&#8220; oder Angeh\u00f6riger anderer Denominationen. Manchmal habe ich sogar Schwierigkeiten, mich mit anderen Baptisten zu identifizieren, wie z. B. den amerikanischen &#8222;S\u00fcdstaaten- Baptisten&#8220;. Deren z. T. sehr fundamentalistischen Glauben kann ich nicht teilen.<br \/>\nWichtig ist, dass man als Christ einer Glaubensgemeinschaft angeh\u00f6rt, deren Mitglieder sich im Glauben f\u00f6rdern und unterst\u00fctzen. Wir haben in der Gemeinde St. Matth\u00e4i eine solche gefunden, in der dies der Fall ist. Wir f\u00fchlen uns dort sehr heimisch.<br \/>\nWer mehr \u00fcber diese Gemeinde erfahren m\u00f6chte, der bl\u00e4ttere doch mal durch die <a href=\"http:\/\/st-matthaei.de\/index2.php\">Internetseiten<\/a>, die alle notwendigen Informationen enthalten.<\/p>\n<hr \/>\n<p><strong>Die Bibel<\/strong><\/p>\n<p>Ich halte die Bibel f\u00fcr das wichtigste und wertvollste Buch aller Zeiten, da Gott durch dieses Buch zu uns sprechen kann, wenn man darauf h\u00f6rt. Ich lese gerne in der Bibel, muss allerdings zugeben, dass es viele Stellen gibt, mit denen ich auch nicht zurechtkomme. Ich glaube nicht wie die Fundamentalisten an die &#8222;Unfehlbarkeit und w\u00f6rtliche Inspiration&#8220; der Bibel, sondern an die Unfehlbarkeit Gottes. Ich bin beeindruckt von den vielen Menschen der letzten Jahrtausende, die alle ihre Kraft in die \u00dcbersetzung, Pflege und Formulierung der Schrift gesteckt haben, so dass wir wirklich eine verl\u00e4ssliche vom heiligen Geist inspirierte Grundlage unseres Glaubens in den H\u00e4nden halten k\u00f6nnen. Jeder einigerma\u00dfen gebildete Mensch sollte wenigstens einmal das Neue Testament in einer verst\u00e4ndlichen \u00dcbersetzung (Gute Nachricht oder \u00dcbertragung von Bruns) gelesen haben, um sich selber ein Bild zu machen. Wer wissen m\u00f6chte, wie die Bibel entstanden ist, dem empfehle ich das Buch &#8222;6000 Jahre und eine Buch&#8220; von G\u00fcnther S. Wegener, erschienen im Onken- Verlag.<\/p>\n<hr \/>\n<p><strong>Aktivit\u00e4ten<\/strong><\/p>\n<p>Nebenbei bin ich auch ab und zu mal mit einer Predigt gefordert. Zweimal im Jahr helfe ich in der Baptistengemeinde Eutin, Pl\u00f6ner Stra\u00dfe mit einem Predigtdienst aus. Auch da sind Interessenten herzlich eingeladen. Der n\u00e4chste Predigttermin kann bei mir abgefragt werden. Alle T\u00e4tigkeiten erfolgen zur Ehre Gottes unseren Gaben gem\u00e4\u00df. Wer Lust und ca 25 min Zeit hat, kann sich ja gerne mal eine Predigt von mir anh\u00f6ren. Das Monatsthema in Eutin war &#8222;Zeuge sein, Zeugnis geben&#8220; und ich habe dazu \u00fcber Apg. 1,8 eine Predigt gehalten, die <a href=\"https:\/\/www.joergbayerlein.de\/wp-content\/uploads\/2016\/05\/Predigt-Bayerlein-Ihr-werdet-meine-Zeugen-seinmono2.mp3\">hier als mp3-Download<\/a> zur Verf\u00fcgung steht.<\/p>\n<p>Der Herr m\u00f6ge Sie segnen.<\/p>\n<p>Auf einen Link m\u00f6chte ich hier noch hinweisen. Mein Schwager Hartmut hat sich \u00fcber viele Texte in der Bibel Gedanken gemacht, die uns oft Schwierigkeiten bereiten. Seine hilfreichen Auslegungen finden Sie hier: <a href=\"http:\/\/www.impulse-fuer-christen.de\/\">Impulse f\u00fcr Christen<\/a><\/p>\n<hr \/>\n<p>&nbsp;<\/p>\n<p>&nbsp;<\/p>\n","protected":false},"excerpt":{"rendered":"<p>Seit 1977 glaube ich, dass Jesus Christus lebt, er f\u00fcr mich gestorben und wahrhaftig auferstanden ist. Ich m\u00f6chte mein Leben nach den Weisungen und Ma\u00dfst\u00e4ben von Jesus ausrichten und bin \u00fcberzeugt, dass nur er einen wahren Sinn des Lebens geben kann. Seit 2012 geh\u00f6ren wir (meine Frau und ich) der evangelischen Gemeinde St. Matth\u00e4i in [&hellip;]<\/p>\n","protected":false},"author":2,"featured_media":0,"parent":0,"menu_order":4,"comment_status":"open","ping_status":"closed","template":"","meta":{"footnotes":""},"class_list":["post-39","page","type-page","status-publish","hentry"],"_links":{"self":[{"href":"https:\/\/www.joergbayerlein.de\/index.php?rest_route=\/wp\/v2\/pages\/39","targetHints":{"allow":["GET"]}}],"collection":[{"href":"https:\/\/www.joergbayerlein.de\/index.php?rest_route=\/wp\/v2\/pages"}],"about":[{"href":"https:\/\/www.joergbayerlein.de\/index.php?rest_route=\/wp\/v2\/types\/page"}],"author":[{"embeddable":true,"href":"https:\/\/www.joergbayerlein.de\/index.php?rest_route=\/wp\/v2\/users\/2"}],"replies":[{"embeddable":true,"href":"https:\/\/www.joergbayerlein.de\/index.php?rest_route=%2Fwp%2Fv2%2Fcomments&post=39"}],"version-history":[{"count":5,"href":"https:\/\/www.joergbayerlein.de\/index.php?rest_route=\/wp\/v2\/pages\/39\/revisions"}],"predecessor-version":[{"id":250,"href":"https:\/\/www.joergbayerlein.de\/index.php?rest_route=\/wp\/v2\/pages\/39\/revisions\/250"}],"wp:attachment":[{"href":"https:\/\/www.joergbayerlein.de\/index.php?rest_route=%2Fwp%2Fv2%2Fmedia&parent=39"}],"curies":[{"name":"wp","href":"https:\/\/api.w.org\/{rel}","templated":true}]}}