{"id":315,"date":"2018-01-16T08:59:35","date_gmt":"2018-01-16T07:59:35","guid":{"rendered":"http:\/\/www.joergbayerlein.de\/?page_id=315"},"modified":"2019-12-12T12:01:31","modified_gmt":"2019-12-12T11:01:31","slug":"ihr-werdet-meine-zeugen-sein","status":"publish","type":"page","link":"https:\/\/www.joergbayerlein.de\/?page_id=315","title":{"rendered":"Ihr werdet meine Zeugen sein"},"content":{"rendered":"<p>Diese Aussage in der Apostelgeschichte Kap.1 Vers 8 von unserem Herrn Jesus ist herausfordernd. Wir werden nicht seine Anw\u00e4lte sein, sondern nur &#8222;Zeugen&#8220;. Und dort steht auch nicht &#8222;sollt sein&#8220;, sondern &#8222;werdet sein&#8220;. Und Zeugen d\u00fcrfen nur das wiedergeben, was sie selbst gesehen und erlebt haben, nicht das was sie von anderen geh\u00f6rt haben, das w\u00e4re nicht authentisch. Weitere Gedanken dazu kann man sich\u00a0 &#8211; wer Lust und Zeit hat &#8211; anh\u00f6ren in der Aufzeichnung meiner Predigt vom 1.5.2016 in der Baptistengemeinde Eutin. <a href=\"https:\/\/www.joergbayerlein.de\/wp-content\/uploads\/2016\/05\/Predigt-Bayerlein-Ihr-werdet-meine-Zeugen-seinmono2.mp3\">Folge diesem Link<\/a>.<\/p>\n","protected":false},"excerpt":{"rendered":"<p>Diese Aussage in der Apostelgeschichte Kap.1 Vers 8 von unserem Herrn Jesus ist herausfordernd. Wir werden nicht seine Anw\u00e4lte sein, sondern nur &#8222;Zeugen&#8220;. Und dort steht auch nicht &#8222;sollt sein&#8220;, sondern &#8222;werdet sein&#8220;. Und Zeugen d\u00fcrfen nur das wiedergeben, was sie selbst gesehen und erlebt haben, nicht das was sie von anderen geh\u00f6rt haben, das [&hellip;]<\/p>\n","protected":false},"author":2,"featured_media":0,"parent":215,"menu_order":0,"comment_status":"open","ping_status":"closed","template":"","meta":{"footnotes":""},"class_list":["post-315","page","type-page","status-publish","hentry"],"_links":{"self":[{"href":"https:\/\/www.joergbayerlein.de\/index.php?rest_route=\/wp\/v2\/pages\/315","targetHints":{"allow":["GET"]}}],"collection":[{"href":"https:\/\/www.joergbayerlein.de\/index.php?rest_route=\/wp\/v2\/pages"}],"about":[{"href":"https:\/\/www.joergbayerlein.de\/index.php?rest_route=\/wp\/v2\/types\/page"}],"author":[{"embeddable":true,"href":"https:\/\/www.joergbayerlein.de\/index.php?rest_route=\/wp\/v2\/users\/2"}],"replies":[{"embeddable":true,"href":"https:\/\/www.joergbayerlein.de\/index.php?rest_route=%2Fwp%2Fv2%2Fcomments&post=315"}],"version-history":[{"count":2,"href":"https:\/\/www.joergbayerlein.de\/index.php?rest_route=\/wp\/v2\/pages\/315\/revisions"}],"predecessor-version":[{"id":317,"href":"https:\/\/www.joergbayerlein.de\/index.php?rest_route=\/wp\/v2\/pages\/315\/revisions\/317"}],"up":[{"embeddable":true,"href":"https:\/\/www.joergbayerlein.de\/index.php?rest_route=\/wp\/v2\/pages\/215"}],"wp:attachment":[{"href":"https:\/\/www.joergbayerlein.de\/index.php?rest_route=%2Fwp%2Fv2%2Fmedia&parent=315"}],"curies":[{"name":"wp","href":"https:\/\/api.w.org\/{rel}","templated":true}]}}