{"id":310,"date":"2018-01-16T08:41:19","date_gmt":"2018-01-16T07:41:19","guid":{"rendered":"http:\/\/www.joergbayerlein.de\/?page_id=310"},"modified":"2020-07-30T09:23:45","modified_gmt":"2020-07-30T07:23:45","slug":"markusevangelium","status":"publish","type":"page","link":"https:\/\/www.joergbayerlein.de\/?page_id=310","title":{"rendered":"Markusevangelium"},"content":{"rendered":"<p>Ich m\u00f6chte hier auf einen f\u00fcr mich sehr hilfreichen Kommentar zum Markusevangelium hinweisen und einladen, dem unteren Link zu folgen. Es ist von meinem Schwager Hartmut Sch\u00e4ffer geschrieben und er hat nach seinen Worten &#8222;das Markusevangelium entschl\u00fcsselt&#8220;. Viele Stellen im Evangelium sind beim Lesen nicht sofort plausibel und verst\u00e4ndlich (z.B. warum st\u00fcrzen sich 5000 Schweine ins Meer und ersaufen, wo Schweine doch schwimmen k\u00f6nnen). Solche und andere f\u00fcr uns auf den ersten Blick &#8222;Ungereimtheiten&#8220; werden von ihm verst\u00e4ndlich und nachvollziehbar erkl\u00e4rt. Man stellt schnell fest, dass viele Dinge nicht w\u00f6rtlich zu nehmen sind und vor allem von Markus auch nicht w\u00f6rtlich gemeint sind.<\/p>\n<p>Die Lekt\u00fcre gibt ein v\u00f6llig neues Verst\u00e4ndnis von unserm Herrn Jesus, seinem Leben und Sterben und Auferstehen. Die Links:<\/p>\n<p><a href=\"http:\/\/www.impulse-fuer-christen.de\/Markusevangelium_Kommentar_A5.pdf\">Das vollst\u00e4ndige Buch als A5- pdf <\/a>(328 Seiten!!)<\/p>\n<p>Als <a href=\"https:\/\/www.amazon.de\/Das-Markusevangelium-Rabbi-Wirklichkeit-Messias\/dp\/3743948974\/ref=sr_1_1?ie=UTF8&amp;qid=1506685638&amp;sr=8-1&amp;keywords=markusevangelium+sch%C3%A4ffer\">Buch bei Amazon<\/a>, wer es lieber gebunden haben m\u00f6chte<\/p>\n<p>Erster Entwurf <a href=\"https:\/\/www.joergbayerlein.de\/wp-content\/uploads\/2020\/07\/Buch-Mt-A5.pdf\">Mt.<\/a><\/p>\n","protected":false},"excerpt":{"rendered":"<p>Ich m\u00f6chte hier auf einen f\u00fcr mich sehr hilfreichen Kommentar zum Markusevangelium hinweisen und einladen, dem unteren Link zu folgen. Es ist von meinem Schwager Hartmut Sch\u00e4ffer geschrieben und er hat nach seinen Worten &#8222;das Markusevangelium entschl\u00fcsselt&#8220;. Viele Stellen im Evangelium sind beim Lesen nicht sofort plausibel und verst\u00e4ndlich (z.B. warum st\u00fcrzen sich 5000 Schweine [&hellip;]<\/p>\n","protected":false},"author":2,"featured_media":0,"parent":215,"menu_order":0,"comment_status":"open","ping_status":"closed","template":"","meta":{"footnotes":""},"class_list":["post-310","page","type-page","status-publish","hentry"],"_links":{"self":[{"href":"https:\/\/www.joergbayerlein.de\/index.php?rest_route=\/wp\/v2\/pages\/310","targetHints":{"allow":["GET"]}}],"collection":[{"href":"https:\/\/www.joergbayerlein.de\/index.php?rest_route=\/wp\/v2\/pages"}],"about":[{"href":"https:\/\/www.joergbayerlein.de\/index.php?rest_route=\/wp\/v2\/types\/page"}],"author":[{"embeddable":true,"href":"https:\/\/www.joergbayerlein.de\/index.php?rest_route=\/wp\/v2\/users\/2"}],"replies":[{"embeddable":true,"href":"https:\/\/www.joergbayerlein.de\/index.php?rest_route=%2Fwp%2Fv2%2Fcomments&post=310"}],"version-history":[{"count":6,"href":"https:\/\/www.joergbayerlein.de\/index.php?rest_route=\/wp\/v2\/pages\/310\/revisions"}],"predecessor-version":[{"id":684,"href":"https:\/\/www.joergbayerlein.de\/index.php?rest_route=\/wp\/v2\/pages\/310\/revisions\/684"}],"up":[{"embeddable":true,"href":"https:\/\/www.joergbayerlein.de\/index.php?rest_route=\/wp\/v2\/pages\/215"}],"wp:attachment":[{"href":"https:\/\/www.joergbayerlein.de\/index.php?rest_route=%2Fwp%2Fv2%2Fmedia&parent=310"}],"curies":[{"name":"wp","href":"https:\/\/api.w.org\/{rel}","templated":true}]}}