{"id":296,"date":"2017-10-22T08:11:11","date_gmt":"2017-10-22T06:11:11","guid":{"rendered":"http:\/\/www.joergbayerlein.de\/?page_id=296"},"modified":"2019-12-12T12:01:24","modified_gmt":"2019-12-12T11:01:24","slug":"dankbarkeit","status":"publish","type":"page","link":"https:\/\/www.joergbayerlein.de\/?page_id=296","title":{"rendered":"Dankbarkeit"},"content":{"rendered":"<p>Paulus schreibt im 1. Thessalonicherbrief in 5,18: &#8222;Seid dankbar in allen Dingen, denn das ist der Wille Gottes in Jesus Christus f\u00fcr Euch&#8220;.<\/p>\n<p>In guten Dingen f\u00e4llt uns das leicht, aber in schlechten? Wie geht das? Dazu hab ich zwei tolle Aufs\u00e4tze gefunden, auf die ich hier hinweisen und zum Lesen ermuntern m\u00f6chte. Das eine ist eine Predigt von Uli Limpf vom 10.11.2013, die ich sehr als Sonntagslekt\u00fcre empfehlen w\u00fcrde. Ich hab die pdf hier zur Verf\u00fcgung gestellt: <a href=\"https:\/\/www.joergbayerlein.de\/wp-content\/uploads\/2017\/10\/1.-Thessalonicher-518-Dankbar-in-allen-Dingen-Predigt.pdf\">Link Predigt Limpf<\/a>.<\/p>\n<p>Das zweite ist ein Buchauszug (36 Seiten) von Reinhard Egg mit dem Titel &#8222;Mehr haben vom Leben: dankbar sein&#8220;. Er ist biblisch therapeutischer Seelsorger und bringt dort viele Beispiele aus seiner Praxis. Sehr lesenwert. <a href=\"https:\/\/www.joergbayerlein.de\/wp-content\/uploads\/2017\/10\/mehrhabenvomleben.pdf\">Hier der Link auf die pdf<\/a>.<\/p>\n<p>Wer dann noch Zeit und Lust hat, sich meine Predigt zu diesem Thema anzuh\u00f6ren, die ich am 22.10.2017 in der Eutiner Baptistengemeinde gehalten habe, der folge <a href=\"https:\/\/www.joergbayerlein.de\/wp-content\/uploads\/2018\/01\/Predigt-Bayerlein-Dankbarkeit-1.Thess-5-18-mono.mp3\">diesem Link<\/a>.<\/p>\n","protected":false},"excerpt":{"rendered":"<p>Paulus schreibt im 1. Thessalonicherbrief in 5,18: &#8222;Seid dankbar in allen Dingen, denn das ist der Wille Gottes in Jesus Christus f\u00fcr Euch&#8220;. In guten Dingen f\u00e4llt uns das leicht, aber in schlechten? Wie geht das? Dazu hab ich zwei tolle Aufs\u00e4tze gefunden, auf die ich hier hinweisen und zum Lesen ermuntern m\u00f6chte. Das eine [&hellip;]<\/p>\n","protected":false},"author":2,"featured_media":0,"parent":215,"menu_order":0,"comment_status":"open","ping_status":"closed","template":"","meta":{"footnotes":""},"class_list":["post-296","page","type-page","status-publish","hentry"],"_links":{"self":[{"href":"https:\/\/www.joergbayerlein.de\/index.php?rest_route=\/wp\/v2\/pages\/296","targetHints":{"allow":["GET"]}}],"collection":[{"href":"https:\/\/www.joergbayerlein.de\/index.php?rest_route=\/wp\/v2\/pages"}],"about":[{"href":"https:\/\/www.joergbayerlein.de\/index.php?rest_route=\/wp\/v2\/types\/page"}],"author":[{"embeddable":true,"href":"https:\/\/www.joergbayerlein.de\/index.php?rest_route=\/wp\/v2\/users\/2"}],"replies":[{"embeddable":true,"href":"https:\/\/www.joergbayerlein.de\/index.php?rest_route=%2Fwp%2Fv2%2Fcomments&post=296"}],"version-history":[{"count":6,"href":"https:\/\/www.joergbayerlein.de\/index.php?rest_route=\/wp\/v2\/pages\/296\/revisions"}],"predecessor-version":[{"id":314,"href":"https:\/\/www.joergbayerlein.de\/index.php?rest_route=\/wp\/v2\/pages\/296\/revisions\/314"}],"up":[{"embeddable":true,"href":"https:\/\/www.joergbayerlein.de\/index.php?rest_route=\/wp\/v2\/pages\/215"}],"wp:attachment":[{"href":"https:\/\/www.joergbayerlein.de\/index.php?rest_route=%2Fwp%2Fv2%2Fmedia&parent=296"}],"curies":[{"name":"wp","href":"https:\/\/api.w.org\/{rel}","templated":true}]}}