{"id":292,"date":"2017-06-12T15:03:49","date_gmt":"2017-06-12T13:03:49","guid":{"rendered":"http:\/\/www.joergbayerlein.de\/?page_id=292"},"modified":"2020-03-30T07:02:26","modified_gmt":"2020-03-30T05:02:26","slug":"kontakt","status":"publish","type":"page","link":"https:\/\/www.joergbayerlein.de\/?page_id=292","title":{"rendered":"Kontakt"},"content":{"rendered":"<p>Man kann mich per Email erreichen: info (at) joergbayerlein.de.<br \/>\nDie Kommentarfunktion habe ich deaktiviert und ist nur f\u00fcr registrierte User m\u00f6glich. Es waren einfach zu viele Spams dabei. Wer die M\u00f6glichkeit zu Kommentaren nutzen m\u00f6chte, den richte ich gerne als User ein. Wie das aussehen k\u00f6nnte kann man ausprobieren, indem man sich als User &#8222;Test&#8220; mit pw &#8222;321&#8220;\u00a0 einloggt.<\/p>\n<p>&nbsp;<\/p>\n<p>&nbsp;<\/p>\n","protected":false},"excerpt":{"rendered":"<p>Man kann mich per Email erreichen: info (at) joergbayerlein.de. Die Kommentarfunktion habe ich deaktiviert und ist nur f\u00fcr registrierte User m\u00f6glich. Es waren einfach zu viele Spams dabei. Wer die M\u00f6glichkeit zu Kommentaren nutzen m\u00f6chte, den richte ich gerne als User ein. Wie das aussehen k\u00f6nnte kann man ausprobieren, indem man sich als User &#8222;Test&#8220; [&hellip;]<\/p>\n","protected":false},"author":2,"featured_media":0,"parent":13,"menu_order":2,"comment_status":"open","ping_status":"closed","template":"","meta":{"footnotes":""},"class_list":["post-292","page","type-page","status-publish","hentry"],"_links":{"self":[{"href":"https:\/\/www.joergbayerlein.de\/index.php?rest_route=\/wp\/v2\/pages\/292","targetHints":{"allow":["GET"]}}],"collection":[{"href":"https:\/\/www.joergbayerlein.de\/index.php?rest_route=\/wp\/v2\/pages"}],"about":[{"href":"https:\/\/www.joergbayerlein.de\/index.php?rest_route=\/wp\/v2\/types\/page"}],"author":[{"embeddable":true,"href":"https:\/\/www.joergbayerlein.de\/index.php?rest_route=\/wp\/v2\/users\/2"}],"replies":[{"embeddable":true,"href":"https:\/\/www.joergbayerlein.de\/index.php?rest_route=%2Fwp%2Fv2%2Fcomments&post=292"}],"version-history":[{"count":3,"href":"https:\/\/www.joergbayerlein.de\/index.php?rest_route=\/wp\/v2\/pages\/292\/revisions"}],"predecessor-version":[{"id":643,"href":"https:\/\/www.joergbayerlein.de\/index.php?rest_route=\/wp\/v2\/pages\/292\/revisions\/643"}],"up":[{"embeddable":true,"href":"https:\/\/www.joergbayerlein.de\/index.php?rest_route=\/wp\/v2\/pages\/13"}],"wp:attachment":[{"href":"https:\/\/www.joergbayerlein.de\/index.php?rest_route=%2Fwp%2Fv2%2Fmedia&parent=292"}],"curies":[{"name":"wp","href":"https:\/\/api.w.org\/{rel}","templated":true}]}}