{"id":215,"date":"2015-09-14T09:03:41","date_gmt":"2015-09-14T07:03:41","guid":{"rendered":"http:\/\/www.joergbayerlein.de\/?page_id=215"},"modified":"2015-09-14T09:06:18","modified_gmt":"2015-09-14T07:06:18","slug":"denkanstoesse","status":"publish","type":"page","link":"https:\/\/www.joergbayerlein.de\/?page_id=215","title":{"rendered":"Denkanst\u00f6\u00dfe"},"content":{"rendered":"<p>In loser Folge m\u00f6chte ich hier Denkanst\u00f6\u00dfe ver\u00f6ffentlichen, die mir so im Laufe des Lebens begegnen. Sie sollen zum Nachdenken anregen und Gedankenprozesse ansto\u00dfen, die uns weiterbringen im Glaubensleben. So beginne ich mit dem Denkansto\u00df, den ich selbst bekommen habe, um diese Seite zu erstellen. Es ist aus einem Gemeindebrief unserer St- Matth\u00e4i- Gemeinde in L\u00fcbeck entnommen. Autor ist unser ehemaliger Gemeinddiakon\u00a0 Holger W\u00f6ltjen. Es ist das Gleichnis von Jesus und den Billardkugeln.<\/p>\n<p><a href=\"https:\/\/www.joergbayerlein.de\/wp-content\/uploads\/2015\/09\/Gleichnis-billiard-scrennshot.png\"><img loading=\"lazy\" decoding=\"async\" class=\"alignleft wp-image-218 size-full\" src=\"https:\/\/www.joergbayerlein.de\/wp-content\/uploads\/2015\/09\/Gleichnis-billiard-scrennshot.png\" alt=\"Gleichnis billiard  scrennshot\" width=\"583\" height=\"847\" srcset=\"https:\/\/www.joergbayerlein.de\/wp-content\/uploads\/2015\/09\/Gleichnis-billiard-scrennshot.png 583w, https:\/\/www.joergbayerlein.de\/wp-content\/uploads\/2015\/09\/Gleichnis-billiard-scrennshot-206x300.png 206w\" sizes=\"auto, (max-width: 583px) 100vw, 583px\" \/><\/a><\/p>\n","protected":false},"excerpt":{"rendered":"<p>In loser Folge m\u00f6chte ich hier Denkanst\u00f6\u00dfe ver\u00f6ffentlichen, die mir so im Laufe des Lebens begegnen. Sie sollen zum Nachdenken anregen und Gedankenprozesse ansto\u00dfen, die uns weiterbringen im Glaubensleben. So beginne ich mit dem Denkansto\u00df, den ich selbst bekommen habe, um diese Seite zu erstellen. Es ist aus einem Gemeindebrief unserer St- Matth\u00e4i- Gemeinde in [&hellip;]<\/p>\n","protected":false},"author":2,"featured_media":0,"parent":39,"menu_order":3,"comment_status":"open","ping_status":"closed","template":"","meta":{"footnotes":""},"class_list":["post-215","page","type-page","status-publish","hentry"],"_links":{"self":[{"href":"https:\/\/www.joergbayerlein.de\/index.php?rest_route=\/wp\/v2\/pages\/215","targetHints":{"allow":["GET"]}}],"collection":[{"href":"https:\/\/www.joergbayerlein.de\/index.php?rest_route=\/wp\/v2\/pages"}],"about":[{"href":"https:\/\/www.joergbayerlein.de\/index.php?rest_route=\/wp\/v2\/types\/page"}],"author":[{"embeddable":true,"href":"https:\/\/www.joergbayerlein.de\/index.php?rest_route=\/wp\/v2\/users\/2"}],"replies":[{"embeddable":true,"href":"https:\/\/www.joergbayerlein.de\/index.php?rest_route=%2Fwp%2Fv2%2Fcomments&post=215"}],"version-history":[{"count":4,"href":"https:\/\/www.joergbayerlein.de\/index.php?rest_route=\/wp\/v2\/pages\/215\/revisions"}],"predecessor-version":[{"id":220,"href":"https:\/\/www.joergbayerlein.de\/index.php?rest_route=\/wp\/v2\/pages\/215\/revisions\/220"}],"up":[{"embeddable":true,"href":"https:\/\/www.joergbayerlein.de\/index.php?rest_route=\/wp\/v2\/pages\/39"}],"wp:attachment":[{"href":"https:\/\/www.joergbayerlein.de\/index.php?rest_route=%2Fwp%2Fv2%2Fmedia&parent=215"}],"curies":[{"name":"wp","href":"https:\/\/api.w.org\/{rel}","templated":true}]}}