{"id":18,"date":"2015-05-16T17:06:10","date_gmt":"2015-05-16T15:06:10","guid":{"rendered":"http:\/\/www.joergbayerlein.de\/?page_id=18"},"modified":"2022-09-14T10:58:19","modified_gmt":"2022-09-14T08:58:19","slug":"test1","status":"publish","type":"page","link":"https:\/\/www.joergbayerlein.de\/?page_id=18","title":{"rendered":"Beruf"},"content":{"rendered":"<p style=\"text-align: left;\">Von 1989 bis 2021 war ich Professor f\u00fcr Regelungstechnik und Programmieren an der TH- L\u00fcbeck. Seit 1.9.2021 befinde ich mich im sehr angenehmen Ruhestand, bin jedoch immer noch IHK- Sachverst\u00e4ndiger, siehe meine <a href=\"https:\/\/www.joergbayerlein.de\/?page_id=26\">Seite dazu<\/a>.<br \/>\nDeshalb sind die folgenden Links immer noch aktiv, aber nat\u00fcrlich veraltet, da meine Nachfolger nat\u00fcrlich meinen Job \u00fcbernommen haben. Aber wer Interesse an meiner bisherigen T\u00e4tigkeit hat, kann gerne auf folgenden Links zu den TH- Seiten gehen.<a href=\"https:\/\/www.joergbayerlein.de\/wp-content\/uploads\/2015\/05\/fh11.jpg\"><img loading=\"lazy\" decoding=\"async\" class=\" size-full wp-image-34 alignright\" src=\"https:\/\/www.joergbayerlein.de\/wp-content\/uploads\/2015\/05\/fh11.jpg\" alt=\"fh1\" width=\"68\" height=\"109\" \/><\/a><br \/>\n<a href=\"https:\/\/www.th-luebeck.de\/hochschule\/hochschulorganisation\/personalverzeichnis\/person\/joerg-bayerlein\/\">Meine Persoseite<\/a><\/p>\n<p><a href=\"https:\/\/www.th-luebeck.de\/hochschule\/fachbereich-elektrotechnik-und-informatik\/organisation\/\">Der Fachbereich, in dem ich arbeitete<\/a><\/p>\n<p><a href=\"https:\/\/www.th-luebeck.de\/hochschule\/fachbereich-elektrotechnik-und-informatik\/labore\/labor-fuer-regelungstechnik\/projekte\/\">Meine RT- Projekte<\/a><\/p>\n<p>Mein Lieblingswerkzeug: ist C# mit Microsoft Visual Studio: <a href=\"https:\/\/www.joergbayerlein.de\/?page_id=114\">siehe hier<\/a><\/p>\n","protected":false},"excerpt":{"rendered":"<p>Von 1989 bis 2021 war ich Professor f\u00fcr Regelungstechnik und Programmieren an der TH- L\u00fcbeck. Seit 1.9.2021 befinde ich mich im sehr angenehmen Ruhestand, bin jedoch immer noch IHK- Sachverst\u00e4ndiger, siehe meine Seite dazu. Deshalb sind die folgenden Links immer noch aktiv, aber nat\u00fcrlich veraltet, da meine Nachfolger nat\u00fcrlich meinen Job \u00fcbernommen haben. Aber wer [&hellip;]<\/p>\n","protected":false},"author":2,"featured_media":0,"parent":0,"menu_order":1,"comment_status":"open","ping_status":"closed","template":"","meta":{"footnotes":""},"class_list":["post-18","page","type-page","status-publish","hentry"],"_links":{"self":[{"href":"https:\/\/www.joergbayerlein.de\/index.php?rest_route=\/wp\/v2\/pages\/18","targetHints":{"allow":["GET"]}}],"collection":[{"href":"https:\/\/www.joergbayerlein.de\/index.php?rest_route=\/wp\/v2\/pages"}],"about":[{"href":"https:\/\/www.joergbayerlein.de\/index.php?rest_route=\/wp\/v2\/types\/page"}],"author":[{"embeddable":true,"href":"https:\/\/www.joergbayerlein.de\/index.php?rest_route=\/wp\/v2\/users\/2"}],"replies":[{"embeddable":true,"href":"https:\/\/www.joergbayerlein.de\/index.php?rest_route=%2Fwp%2Fv2%2Fcomments&post=18"}],"version-history":[{"count":11,"href":"https:\/\/www.joergbayerlein.de\/index.php?rest_route=\/wp\/v2\/pages\/18\/revisions"}],"predecessor-version":[{"id":969,"href":"https:\/\/www.joergbayerlein.de\/index.php?rest_route=\/wp\/v2\/pages\/18\/revisions\/969"}],"wp:attachment":[{"href":"https:\/\/www.joergbayerlein.de\/index.php?rest_route=%2Fwp%2Fv2%2Fmedia&parent=18"}],"curies":[{"name":"wp","href":"https:\/\/api.w.org\/{rel}","templated":true}]}}