{"id":13,"date":"2015-05-16T08:33:01","date_gmt":"2015-05-16T06:33:01","guid":{"rendered":"http:\/\/www.joergbayerlein.de\/?page_id=13"},"modified":"2017-06-12T14:46:36","modified_gmt":"2017-06-12T12:46:36","slug":"startseite","status":"publish","type":"page","link":"https:\/\/www.joergbayerlein.de\/","title":{"rendered":"Startseite"},"content":{"rendered":"<p>&nbsp;<\/p>\n<blockquote>\n<p style=\"text-align: center;\"><a href=\"https:\/\/www.joergbayerlein.de\/wp-content\/uploads\/2015\/06\/Kirschbaumbl\u00fcte.jpg\"><img loading=\"lazy\" decoding=\"async\" class=\"alignnone wp-image-89 size-large\" src=\"https:\/\/www.joergbayerlein.de\/wp-content\/uploads\/2015\/06\/Kirschbaumbl\u00fcte-1024x493.jpg\" alt=\"\" width=\"1024\" height=\"493\" srcset=\"https:\/\/www.joergbayerlein.de\/wp-content\/uploads\/2015\/06\/Kirschbaumbl\u00fcte-1024x493.jpg 1024w, https:\/\/www.joergbayerlein.de\/wp-content\/uploads\/2015\/06\/Kirschbaumbl\u00fcte-300x144.jpg 300w\" sizes=\"auto, (max-width: 1024px) 100vw, 1024px\" \/><\/a><\/p>\n<p style=\"text-align: center;\">Herzlich Willkommen auf der Startseite der Homepage von<\/p>\n<p style=\"text-align: center;\"><span style=\"font-size: xx-large;\">J\u00f6rg Bayerlein<\/span><\/p>\n<p style=\"text-align: center;\">Sie finden Information \u00fcber meine beruflichen T\u00e4tigkeiten auf der Seite <a href=\"https:\/\/www.joergbayerlein.de\/?page_id=18\">Beruf<\/a>.<\/p>\n<p style=\"text-align: center;\">Zus\u00e4tzlich bin ich als Sachverst\u00e4ndiger unterwegs. Informationen dazu finden Sie <a href=\"https:\/\/www.joergbayerlein.de\/?page_id=26\">hier<\/a>.<\/p>\n<p style=\"text-align: center;\">Einige pers\u00f6nliche Informationen \u00fcber meine private Seite habe ich <a href=\"https:\/\/www.joergbayerlein.de\/?page_id=23\">hier <\/a>zusammengestellt.<\/p>\n<p style=\"text-align: center;\">Dazu geh\u00f6rt auch mein Bekenntnis zum christlichen Glauben, lesen Sie dazu etwas<a href=\"https:\/\/www.joergbayerlein.de\/?page_id=39\"> auf dieser Seite<\/a>.<\/p>\n<p style=\"text-align: center;\">Ich benutze diese Seite auch zur Ver\u00f6ffentlichung meiner <a href=\"https:\/\/www.joergbayerlein.de\/?page_id=98\">Open- Source- Programmierprojekte.<\/a><\/p>\n<p style=\"text-align: right;\">\n<\/blockquote>\n","protected":false},"excerpt":{"rendered":"<p>&nbsp; Herzlich Willkommen auf der Startseite der Homepage von J\u00f6rg Bayerlein Sie finden Information \u00fcber meine beruflichen T\u00e4tigkeiten auf der Seite Beruf. Zus\u00e4tzlich bin ich als Sachverst\u00e4ndiger unterwegs. Informationen dazu finden Sie hier. Einige pers\u00f6nliche Informationen \u00fcber meine private Seite habe ich hier zusammengestellt. Dazu geh\u00f6rt auch mein Bekenntnis zum christlichen Glauben, lesen Sie dazu [&hellip;]<\/p>\n","protected":false},"author":1,"featured_media":0,"parent":0,"menu_order":0,"comment_status":"open","ping_status":"closed","template":"","meta":{"footnotes":""},"class_list":["post-13","page","type-page","status-publish","hentry"],"_links":{"self":[{"href":"https:\/\/www.joergbayerlein.de\/index.php?rest_route=\/wp\/v2\/pages\/13","targetHints":{"allow":["GET"]}}],"collection":[{"href":"https:\/\/www.joergbayerlein.de\/index.php?rest_route=\/wp\/v2\/pages"}],"about":[{"href":"https:\/\/www.joergbayerlein.de\/index.php?rest_route=\/wp\/v2\/types\/page"}],"author":[{"embeddable":true,"href":"https:\/\/www.joergbayerlein.de\/index.php?rest_route=\/wp\/v2\/users\/1"}],"replies":[{"embeddable":true,"href":"https:\/\/www.joergbayerlein.de\/index.php?rest_route=%2Fwp%2Fv2%2Fcomments&post=13"}],"version-history":[{"count":16,"href":"https:\/\/www.joergbayerlein.de\/index.php?rest_route=\/wp\/v2\/pages\/13\/revisions"}],"predecessor-version":[{"id":200,"href":"https:\/\/www.joergbayerlein.de\/index.php?rest_route=\/wp\/v2\/pages\/13\/revisions\/200"}],"wp:attachment":[{"href":"https:\/\/www.joergbayerlein.de\/index.php?rest_route=%2Fwp%2Fv2%2Fmedia&parent=13"}],"curies":[{"name":"wp","href":"https:\/\/api.w.org\/{rel}","templated":true}]}}